{"id":1393,"date":"2022-02-20T16:05:03","date_gmt":"2022-02-20T15:05:03","guid":{"rendered":"https:\/\/geo-3.it\/?page_id=1393"},"modified":"2022-06-21T15:39:44","modified_gmt":"2022-06-21T13:39:44","slug":"team-professionelle-geologen","status":"publish","type":"page","link":"https:\/\/www.geo-3.it\/de\/team-professionelle-geologen\/","title":{"rendered":"Unser Team professioneller Geologen"},"content":{"rendered":"<p>[et_pb_section fb_built=&#8220;1&#8243; admin_label=&#8220;Header&#8220; _builder_version=&#8220;4.16&#8243; _module_preset=&#8220;default&#8220; use_background_color_gradient=&#8220;on&#8220; background_color_gradient_direction=&#8220;90deg&#8220; background_color_gradient_stops=&#8220;rgba(41,41,41,0.57) 25%|rgba(0,0,0,0) 100%&#8220; background_color_gradient_overlays_image=&#8220;on&#8220; background_color_gradient_start=&#8220;rgba(41,41,41,0.57)&#8220; background_color_gradient_start_position=&#8220;25%&#8220; background_color_gradient_end=&#8220;rgba(0,0,0,0)&#8220; background_image=&#8220;https:\/\/geo-3.it\/wp-content\/uploads\/geo3-team-2018-11-23-1920px.jpg&#8220; background_position=&#8220;top_center&#8220; min_height=&#8220;70vh&#8220; min_height_tablet=&#8220;40vw&#8220; min_height_phone=&#8220;40vw&#8220; min_height_last_edited=&#8220;on|phone&#8220; custom_padding=&#8220;||0px||false|false&#8220; locked=&#8220;off&#8220; global_colors_info=&#8220;{}&#8220;][\/et_pb_section][et_pb_section fb_built=&#8220;1&#8243; admin_label=&#8220;About&#8220; _builder_version=&#8220;4.16&#8243; _module_preset=&#8220;default&#8220; locked=&#8220;off&#8220; global_colors_info=&#8220;{}&#8220;][et_pb_row _builder_version=&#8220;4.16&#8243; _module_preset=&#8220;default&#8220; locked=&#8220;off&#8220; global_colors_info=&#8220;{}&#8220;][et_pb_column type=&#8220;4_4&#8243; _builder_version=&#8220;4.16&#8243; _module_preset=&#8220;default&#8220; global_colors_info=&#8220;{}&#8220;][et_pb_text admin_label=&#8220;H1 Unser professionelles Geologenteam&#8220; _builder_version=&#8220;4.16.0&#8243; _module_preset=&#8220;default&#8220; max_width=&#8220;70%&#8220; locked=&#8220;off&#8220; global_colors_info=&#8220;{}&#8220;]<\/p>\n<h1>Unser professionelles Geologenteam<\/h1>\n<p>[\/et_pb_text][et_pb_divider admin_label=&#8220;Teiler H1&#8243; _builder_version=&#8220;4.14.8&#8243; _module_preset=&#8220;6a54d36b-27a1-42c0-a132-90c6ea8de6ee&#8220; global_module=&#8220;236981&#8243; global_colors_info=&#8220;{}&#8220;][\/et_pb_divider][et_pb_text admin_label=&#8220;Das professionelle Geologenteam von Geo3 ist spezialisiert \u2026&#8220; _builder_version=&#8220;4.16.0&#8243; _module_preset=&#8220;bc6cae60-9fd0-48b3-a032-f2876734c2dd&#8220; text_font_size=&#8220;1.2rem&#8220; max_width=&#8220;70%&#8220; max_width_tablet=&#8220;100%&#8220; text_font_size_tablet=&#8220;1.2rem&#8220; text_font_size_phone=&#8220;1.2rem&#8220; locked=&#8220;off&#8220; global_colors_info=&#8220;{}&#8220;]<\/p>\n<p>Das professionelle Geologenteam von Geo3 ist spezialisiert auf angewandte Geologie, Geotechnik, Bauleitplan\u00e4nderungen, Sicherung von instabilen H\u00e4ngen, Umweltgeologie, Hydrogeologie und seismische Gef\u00e4hrdung.<\/p>\n<p>[\/et_pb_text][\/et_pb_column][\/et_pb_row][\/et_pb_section][et_pb_section fb_built=&#8220;1&#8243; admin_label=&#8220;Team&#8220; _builder_version=&#8220;4.16&#8243; _module_preset=&#8220;default&#8220; background_enable_color=&#8220;off&#8220; use_background_color_gradient=&#8220;on&#8220; background_color_gradient_stops=&#8220;#343d46 0%|#c0c5ce 100%&#8220; background_color_gradient_start=&#8220;#343d46&#8243; background_color_gradient_end=&#8220;#c0c5ce&#8220; global_module=&#8220;238206&#8243; saved_tabs=&#8220;all&#8220; locked=&#8220;off&#8220; global_colors_info=&#8220;{}&#8220;][et_pb_row column_structure=&#8220;1_5,1_5,1_5,1_5,1_5&#8243; use_custom_gutter=&#8220;on&#8220; gutter_width=&#8220;2&#8243; make_equal=&#8220;on&#8220; _builder_version=&#8220;4.16&#8243; _module_preset=&#8220;default&#8220; background_color=&#8220;RGBA(255,255,255,0)&#8220; max_width=&#8220;2560px&#8220; global_colors_info=&#8220;{}&#8220;][et_pb_column type=&#8220;1_5&#8243; _builder_version=&#8220;4.16&#8243; _module_preset=&#8220;default&#8220; background_color=&#8220;#FBFBFD&#8220; global_colors_info=&#8220;{}&#8220;][et_pb_image src=&#8220;https:\/\/geo-3.it\/wp-content\/uploads\/geo3-team-goegl-maria-luise-portraet-2018-600x700px-1.jpg&#8220; title_text=&#8220;Dr. Geol. Maria-Luise G\u00f6gl&#8220; show_bottom_space=&#8220;off&#8220; _builder_version=&#8220;4.16.0&#8243; _module_preset=&#8220;default&#8220; global_colors_info=&#8220;{}&#8220;][\/et_pb_image][et_pb_blurb title=&#8220;Dr. Geol. Maria-Luise G\u00f6gl&#8220; title_tablet=&#8220;Maria-Luise G\u00f6gl&#8220; title_phone=&#8220;Maria-Luise G\u00f6gl&#8220; title_last_edited=&#8220;off|desktop&#8220; admin_label=&#8220;H2 Dr. Geol. Maria-Luise G\u00f6gl&#8220; _builder_version=&#8220;4.16.0&#8243; _module_preset=&#8220;cac59c88-bc4f-4cde-a798-cf50daec3432&#8243; locked=&#8220;off&#8220; global_colors_info=&#8220;{}&#8220; title__hover_enabled=&#8220;off|hover&#8220; title__hover=&#8220;Maria-Luise G\u00f6gl &#8222;]<\/p>\n<p>Gr\u00fcnderin und Partnerin der Geo3<\/p>\n<p><span style=\"color: #993300;\"><a href=\"mailto:marialuise.goegl@geo-3.it?subject=Anfrage \u00fcber Website\" style=\"color: #993300;\">marialuise.goegl@geo-3.it<\/a><\/span><\/p>\n<p>[\/et_pb_blurb][et_pb_toggle title=&#8220;Schwerpunkte&#8220; admin_label=&#8220;H3 Schwerpunkte&#8220; _builder_version=&#8220;4.16.0&#8243; _module_preset=&#8220;e9f62530-0802-4ed6-a056-833a2c3f404f&#8220; global_colors_info=&#8220;{}&#8220;]<\/p>\n<ul>\n<li>Baugeologie;<\/li>\n<li>Hydrogeologie;<\/li>\n<li>Untersuchungen von Massenbewegungen (Sturzprozesse, Rutschungen) und Planung von Schutz-\/Konsolidierungsbauwerken;<\/li>\n<li>Gefahrenzonenpl\u00e4ne;<\/li>\n<li>Sicherheitskoordinator in Projektphase (KPP) und Ausf\u00fchrungsphase (KAP);<\/li>\n<li>Bef\u00e4higung seilunterst\u00fctze H\u00f6henarbeit.<\/li>\n<\/ul>\n<p>[\/et_pb_toggle][\/et_pb_column][et_pb_column type=&#8220;1_5&#8243; _builder_version=&#8220;4.16&#8243; _module_preset=&#8220;default&#8220; background_color=&#8220;#FBFBFD&#8220; global_colors_info=&#8220;{}&#8220;][et_pb_image src=&#8220;https:\/\/geo-3.it\/wp-content\/uploads\/geo3-team-ronzani-giovanni-portraet-2018-600x700px.jpg&#8220; title_text=&#8220;Dr. Geol. Giovanni Ronzani&#8220; show_bottom_space=&#8220;off&#8220; _builder_version=&#8220;4.16.0&#8243; _module_preset=&#8220;default&#8220; global_colors_info=&#8220;{}&#8220;][\/et_pb_image][et_pb_blurb title=&#8220;Dr. Geol. Giovanni Ronzani&#8220; title_tablet=&#8220;Maria-Luise G\u00f6gl&#8220; title_phone=&#8220;Maria-Luise G\u00f6gl&#8220; title_last_edited=&#8220;off|desktop&#8220; admin_label=&#8220;H2 Dr. Geol. Giovanni Ronzani&#8220; _builder_version=&#8220;4.16.0&#8243; _module_preset=&#8220;cac59c88-bc4f-4cde-a798-cf50daec3432&#8243; locked=&#8220;off&#8220; global_colors_info=&#8220;{}&#8220; header_text_color__hover=&#8220;#FFFFFF&#8220; header_text_color__hover_enabled=&#8220;off|hover&#8220; body_text_color__hover=&#8220;#FFFFFF&#8220; body_text_color__hover_enabled=&#8220;off|desktop&#8220; title__hover_enabled=&#8220;off|hover&#8220; title__hover=&#8220;Maria-Luise G\u00f6gl &#8222;]<\/p>\n<p><span style=\"color: #1d1d1f;\">Gr\u00fcnder und Partner der Geo3<\/span><\/p>\n<p><span style=\"color: #993300;\"><a href=\"mailto:giovanni.ronzani@geo-3.it?subject=Anfrage \u00fcber Website\" style=\"color: #993300;\">giovanni.ronzani@geo-3.it<\/a><\/span><\/p>\n<p>[\/et_pb_blurb][et_pb_toggle title=&#8220;Schwerpunkte&#8220; admin_label=&#8220;H3 Schwerpunkte&#8220; _builder_version=&#8220;4.16&#8243; _module_preset=&#8220;e9f62530-0802-4ed6-a056-833a2c3f404f&#8220; global_colors_info=&#8220;{}&#8220;]<\/p>\n<ul>\n<li>Baugeologie;<\/li>\n<li>Hydrogeologie;<\/li>\n<li>Drohnenerhebungen, Photogrammetrie, Ausarbeitung von digitalen 3D Modellen;<\/li>\n<li>ENAC zugelassener Drohnenpilot;<\/li>\n<li>Bewertung der seismischen Gef\u00e4hrdung des Standorts, seismische Mikrozonierung;<\/li>\n<li>Sicherheitskoordinator in Projektphase (KPP) und Ausf\u00fchrungsphase (KAP);<\/li>\n<li>Bef\u00e4higung seilunterst\u00fctze H\u00f6henarbeit.<\/li>\n<\/ul>\n<p>[\/et_pb_toggle][\/et_pb_column][et_pb_column type=&#8220;1_5&#8243; _builder_version=&#8220;4.16&#8243; _module_preset=&#8220;default&#8220; background_color=&#8220;#FBFBFD&#8220; global_colors_info=&#8220;{}&#8220;][et_pb_image src=&#8220;https:\/\/geo-3.it\/wp-content\/uploads\/geo3-team-irschara-marion-portraet-2018-600x700px.jpg&#8220; title_text=&#8220;Dr. Geol. Marion Irschara&#8220; show_bottom_space=&#8220;off&#8220; _builder_version=&#8220;4.16.0&#8243; _module_preset=&#8220;default&#8220; global_colors_info=&#8220;{}&#8220;][\/et_pb_image][et_pb_blurb title=&#8220;Dr. Geol. Marion Irschara&#8220; title_tablet=&#8220;Maria-Luise G\u00f6gl&#8220; title_phone=&#8220;Maria-Luise G\u00f6gl&#8220; title_last_edited=&#8220;off|desktop&#8220; admin_label=&#8220;H2 Dr. Geol. Marion Irschara&#8220; _builder_version=&#8220;4.16.0&#8243; _module_preset=&#8220;cac59c88-bc4f-4cde-a798-cf50daec3432&#8243; locked=&#8220;off&#8220; global_colors_info=&#8220;{}&#8220; header_text_color__hover=&#8220;#FFFFFF&#8220; header_text_color__hover_enabled=&#8220;off|hover&#8220; body_text_color__hover=&#8220;#FFFFFF&#8220; body_text_color__hover_enabled=&#8220;off|desktop&#8220; title__hover_enabled=&#8220;off|hover&#8220; title__hover=&#8220;Maria-Luise G\u00f6gl &#8222;]<\/p>\n<p><span style=\"color: #1d1d1f;\">Mitarbeiterin bei Geo3 seit 2006<\/span><\/p>\n<p><span style=\"color: #993300;\"><a href=\"mailto:marion.irschara@geo-3.it?subject=Anfrage \u00fcber Website\" style=\"color: #993300;\">marion.irschara@geo-3.it<\/a><\/span><\/p>\n<p>[\/et_pb_blurb][et_pb_toggle title=&#8220;Schwerpunkte&#8220; admin_label=&#8220;H3 Schwerpunkte&#8220; _builder_version=&#8220;4.16&#8243; _module_preset=&#8220;e9f62530-0802-4ed6-a056-833a2c3f404f&#8220; global_colors_info=&#8220;{}&#8220;]<\/p>\n<ul>\n<li>Baugeologie;<\/li>\n<li>Hydrogeologie;<\/li>\n<li>Naturgefahrenmanagement;<\/li>\n<li>Kartierungen.<\/li>\n<\/ul>\n<p>[\/et_pb_toggle][\/et_pb_column][et_pb_column type=&#8220;1_5&#8243; _builder_version=&#8220;4.16&#8243; _module_preset=&#8220;default&#8220; background_color=&#8220;#FBFBFD&#8220; global_colors_info=&#8220;{}&#8220;][et_pb_image src=&#8220;https:\/\/geo-3.it\/wp-content\/uploads\/geo3-team-ungerank-daniel-portraet-2018-600x700px.jpg&#8220; title_text=&#8220;Dr. Geol. Daniel Ungerank&#8220; show_bottom_space=&#8220;off&#8220; _builder_version=&#8220;4.16.0&#8243; _module_preset=&#8220;default&#8220; global_colors_info=&#8220;{}&#8220;][\/et_pb_image][et_pb_blurb title=&#8220;Dr. Geol. Daniel Ungerank&#8220; title_tablet=&#8220;Maria-Luise G\u00f6gl&#8220; title_phone=&#8220;Maria-Luise G\u00f6gl&#8220; title_last_edited=&#8220;off|desktop&#8220; admin_label=&#8220;H2 Dr. Geol. Daniel Ungerank&#8220; _builder_version=&#8220;4.16.0&#8243; _module_preset=&#8220;cac59c88-bc4f-4cde-a798-cf50daec3432&#8243; locked=&#8220;off&#8220; global_colors_info=&#8220;{}&#8220; title__hover_enabled=&#8220;off|hover&#8220; title__hover=&#8220;Maria-Luise G\u00f6gl &#8222;]<\/p>\n<p><span style=\"color: #1d1d1f;\">Mitarbeiter bei Geo3\/Geo Analysis seit 2011<\/span><\/p>\n<p><span style=\"color: #993300;\"><a href=\"mailto:daniel.ungerank@geo-3.it?subject=Anfrage \u00fcber Website\" style=\"color: #993300;\">daniel.ungerank@geo-3.it<\/a><\/span><\/p>\n<p>[\/et_pb_blurb][et_pb_toggle title=&#8220;Schwerpunkte&#8220; admin_label=&#8220;H3 Schwerpunkte&#8220; _builder_version=&#8220;4.16&#8243; _module_preset=&#8220;e9f62530-0802-4ed6-a056-833a2c3f404f&#8220; global_colors_info=&#8220;{}&#8220;]<\/p>\n<ul>\n<li>Baugeologie;<\/li>\n<li>Hydrogeologie;<\/li>\n<li>Naturgefahrenmanagement;<\/li>\n<li>Kartierungen.<\/li>\n<\/ul>\n<p>[\/et_pb_toggle][\/et_pb_column][et_pb_column type=&#8220;1_5&#8243; _builder_version=&#8220;4.16&#8243; _module_preset=&#8220;default&#8220; background_color=&#8220;#FBFBFD&#8220; global_colors_info=&#8220;{}&#8220;][et_pb_image src=&#8220;https:\/\/geo-3.it\/wp-content\/uploads\/geo3-team-eisath-gerhard-portraet-2018-600x700px.jpg&#8220; title_text=&#8220;Dr. Geol. Gerhard Eisath&#8220; show_bottom_space=&#8220;off&#8220; _builder_version=&#8220;4.16.0&#8243; _module_preset=&#8220;default&#8220; global_colors_info=&#8220;{}&#8220;][\/et_pb_image][et_pb_blurb title=&#8220;Dr. Geol. Gerhard Eisath&#8220; title_tablet=&#8220;Maria-Luise G\u00f6gl&#8220; title_phone=&#8220;Maria-Luise G\u00f6gl&#8220; title_last_edited=&#8220;off|desktop&#8220; admin_label=&#8220;H2 Dr. Geol. Gerhard Eisath&#8220; _builder_version=&#8220;4.16.0&#8243; _module_preset=&#8220;cac59c88-bc4f-4cde-a798-cf50daec3432&#8243; locked=&#8220;off&#8220; global_colors_info=&#8220;{}&#8220; header_text_color__hover=&#8220;#FFFFFF&#8220; header_text_color__hover_enabled=&#8220;off|hover&#8220; body_text_color__hover=&#8220;#FFFFFF&#8220; body_text_color__hover_enabled=&#8220;off|desktop&#8220; title__hover_enabled=&#8220;off|hover&#8220; title__hover=&#8220;Maria-Luise G\u00f6gl &#8222;]<\/p>\n<p><span style=\"color: #1d1d1f;\">Mitarbeiter bei Geo3\/Geo Analysis seit 2014<\/span><\/p>\n<p><span style=\"color: #993300;\"><a href=\"mailto:gerhard.eisath@geo-3.it?subject=Anfrage \u00fcber Website\" style=\"color: #993300;\">gerhard.eisath@geo-3.it<\/a><\/span><\/p>\n<p>[\/et_pb_blurb][et_pb_toggle title=&#8220;Schwerpunkte&#8220; admin_label=&#8220;H3 Schwerpunkte&#8220; _builder_version=&#8220;4.16&#8243; _module_preset=&#8220;e9f62530-0802-4ed6-a056-833a2c3f404f&#8220; global_colors_info=&#8220;{}&#8220;]<\/p>\n<ul>\n<li>Baugeologie;<\/li>\n<li>Hydrogeologie;<\/li>\n<li>Naturgefahrenmanagement;<\/li>\n<li>Kartierungen.<\/li>\n<\/ul>\n<p>[\/et_pb_toggle][\/et_pb_column][\/et_pb_row][\/et_pb_section]<\/p>\n","protected":false},"excerpt":{"rendered":"<p>Unser professionelles GeologenteamDas professionelle Geologenteam von Geo3 ist spezialisiert auf angewandte Geologie, Geotechnik, Bauleitplan\u00e4nderungen, Sicherung von instabilen H\u00e4ngen, Umweltgeologie, Hydrogeologie und seismische Gef\u00e4hrdung.Gr\u00fcnderin und Partnerin der Geo3 marialuise.goegl@geo-3.it Baugeologie; Hydrogeologie; Untersuchungen von Massenbewegungen (Sturzprozesse, Rutschungen) und Planung von Schutz-\/Konsolidierungsbauwerken; Gefahrenzonenpl\u00e4ne; Sicherheitskoordinator in Projektphase (KPP) und Ausf\u00fchrungsphase (KAP); Bef\u00e4higung seilunterst\u00fctze H\u00f6henarbeit. Gr\u00fcnder und Partner der Geo3 [&hellip;]<\/p>\n","protected":false},"author":1,"featured_media":0,"parent":0,"menu_order":0,"comment_status":"closed","ping_status":"closed","template":"","meta":{"_et_pb_use_builder":"on","_et_pb_old_content":"","_et_gb_content_width":""},"_links":{"self":[{"href":"https:\/\/www.geo-3.it\/de\/wp-json\/wp\/v2\/pages\/1393"}],"collection":[{"href":"https:\/\/www.geo-3.it\/de\/wp-json\/wp\/v2\/pages"}],"about":[{"href":"https:\/\/www.geo-3.it\/de\/wp-json\/wp\/v2\/types\/page"}],"author":[{"embeddable":true,"href":"https:\/\/www.geo-3.it\/de\/wp-json\/wp\/v2\/users\/1"}],"replies":[{"embeddable":true,"href":"https:\/\/www.geo-3.it\/de\/wp-json\/wp\/v2\/comments?post=1393"}],"version-history":[{"count":147,"href":"https:\/\/www.geo-3.it\/de\/wp-json\/wp\/v2\/pages\/1393\/revisions"}],"predecessor-version":[{"id":238496,"href":"https:\/\/www.geo-3.it\/de\/wp-json\/wp\/v2\/pages\/1393\/revisions\/238496"}],"wp:attachment":[{"href":"https:\/\/www.geo-3.it\/de\/wp-json\/wp\/v2\/media?parent=1393"}],"curies":[{"name":"wp","href":"https:\/\/api.w.org\/{rel}","templated":true}]}}