{"id":237218,"date":"2022-03-04T11:14:39","date_gmt":"2022-03-04T10:14:39","guid":{"rendered":"https:\/\/geo-3.it\/?page_id=237218"},"modified":"2022-04-05T12:06:44","modified_gmt":"2022-04-05T10:06:44","slug":"drohnenerhebungen-inspektionen","status":"publish","type":"page","link":"https:\/\/www.geo-3.it\/de\/drohnenerhebungen-inspektionen\/","title":{"rendered":"Drohnenerhebungen \u2013 Inspektionen"},"content":{"rendered":"<p>[et_pb_section fb_built=&#8220;1&#8243; admin_label=&#8220;Header&#8220; _builder_version=&#8220;4.16&#8243; _module_preset=&#8220;9921d6fa-6a30-46bb-9b4d-ecfd9c9fa11c&#8220; background_color_gradient_start=&#8220;#292929&#8243; background_enable_image=&#8220;off&#8220; background_video_mp4=&#8220;https:\/\/geo-3.it\/wp-content\/uploads\/video\/geo3-dronenerhebungen-inspektionen-header-video-2022-02.mp4&#8243; allow_player_pause=&#8220;on&#8220; min_height=&#8220;100vh&#8220; min_height_tablet=&#8220;60vw&#8220; min_height_phone=&#8220;60vw&#8220; min_height_last_edited=&#8220;on|tablet&#8220; global_colors_info=&#8220;{}&#8220;][\/et_pb_section][et_pb_section fb_built=&#8220;1&#8243; admin_label=&#8220;Details&#8220; _builder_version=&#8220;4.16&#8243; custom_padding=&#8220;||||false|false&#8220; locked=&#8220;off&#8220; global_colors_info=&#8220;{}&#8220;][et_pb_row use_custom_gutter=&#8220;on&#8220; gutter_width=&#8220;2&#8243; custom_padding_last_edited=&#8220;on|phone&#8220; _builder_version=&#8220;4.16&#8243; custom_margin_phone=&#8220;10px||||false|false&#8220; custom_margin_last_edited=&#8220;off|desktop&#8220; custom_padding=&#8220;60px||||false|false&#8220; custom_padding_tablet=&#8220;50px||||false|false&#8220; custom_padding_phone=&#8220;20px||||false|false&#8220; global_colors_info=&#8220;{}&#8220; header_font_size_tablet=&#8220;1.1rem&#8220; header_font_size_phone=&#8220;1rem&#8220; header_font_size_last_edited=&#8220;on|desktop&#8220;][et_pb_column type=&#8220;4_4&#8243; _builder_version=&#8220;4.16&#8243; global_colors_info=&#8220;{}&#8220;][et_pb_text admin_label=&#8220;Sektor&#8220; _builder_version=&#8220;4.16.0&#8243; text_font=&#8220;Outfit|700||on|on||||&#8220; text_text_color=&#8220;#65737E&#8220; text_font_size=&#8220;1.4rem&#8220; header_font=&#8220;Outfit|700|||||||&#8220; header_text_color=&#8220;#1D1D1F&#8220; header_font_size=&#8220;2rem&#8220; header_line_height=&#8220;1.8em&#8220; header_2_font=&#8220;||||||||&#8220; header_2_line_height=&#8220;1.8em&#8220; header_4_font=&#8220;|700|||on||||&#8220; header_4_text_color=&#8220;#c87056&#8243; header_4_font_size=&#8220;1rem&#8220; header_4_letter_spacing=&#8220;2.6px&#8220; header_4_line_height=&#8220;1.6em&#8220; text_font_size_tablet=&#8220;1.4rem&#8220; text_font_size_phone=&#8220;1.2rem&#8220; header_font_size_phone=&#8220;1.6rem&#8220; header_2_font_size_tablet=&#8220;22px&#8220; locked=&#8220;off&#8220; global_colors_info=&#8220;{}&#8220;]<\/p>\n<p>Sektor<\/p>\n<p>[\/et_pb_text][et_pb_text admin_label=&#8220;Titel H1 %22Drohnenerhebungen \u2013 Inspektionen%22&#8243; _builder_version=&#8220;4.16.0&#8243; _module_preset=&#8220;default&#8220; max_width=&#8220;70%&#8220; locked=&#8220;off&#8220; global_colors_info=&#8220;{}&#8220;]<\/p>\n<h1>Drohnenerhebungen \u2013 Inspektionen<\/h1>\n<p>[\/et_pb_text][et_pb_divider admin_label=&#8220;Teiler H1&#8243; _builder_version=&#8220;4.14.8&#8243; _module_preset=&#8220;6a54d36b-27a1-42c0-a132-90c6ea8de6ee&#8220; global_module=&#8220;236981&#8243; global_colors_info=&#8220;{}&#8220;][\/et_pb_divider][\/et_pb_column][\/et_pb_row][et_pb_row column_structure=&#8220;1_2,1_2&#8243; use_custom_gutter=&#8220;on&#8220; gutter_width=&#8220;2&#8243; make_equal=&#8220;on&#8220; custom_padding_last_edited=&#8220;off|desktop&#8220; _builder_version=&#8220;4.16&#8243; background_enable_color=&#8220;off&#8220; custom_margin_last_edited=&#8220;off|desktop&#8220; custom_css_main_element=&#8220;margin: auto;&#8220; locked=&#8220;off&#8220; global_colors_info=&#8220;{}&#8220; header_font_size_tablet=&#8220;1.1rem&#8220; header_font_size_phone=&#8220;1rem&#8220; header_font_size_last_edited=&#8220;on|desktop&#8220;][et_pb_column type=&#8220;1_2&#8243; _builder_version=&#8220;4.16&#8243; background_color=&#8220;RGBA(255,255,255,0)&#8220; custom_padding=&#8220;0px||0px||true|false&#8220; custom_css_main_element=&#8220;margin: auto;&#8220; global_colors_info=&#8220;{}&#8220;][et_pb_code _builder_version=&#8220;4.16.0&#8243; _module_preset=&#8220;default&#8220; global_colors_info=&#8220;{}&#8220;]<style type=\"text\/css\">\n\t#foogallery-gallery-238296 .fg-image {\n        width: 640px;\n    }\n<\/style>\n\t\t\t\t<div class=\"foogallery foogallery-container foogallery-image-viewer foogallery-link-image foogallery-lightbox-foogallery fg-center fg-image-viewer fg-light fg-border-thin fg-shadow-outline fg-loading-default fg-loaded-fade-in fg-caption-hover fg-hover-fade fg-hover-zoom fg-c-c fg-ready\" id=\"foogallery-gallery-238296\" data-foogallery=\"{&quot;item&quot;:{&quot;showCaptionTitle&quot;:true,&quot;showCaptionDescription&quot;:false,&quot;maxCaptionLength&quot;:50,&quot;maxDescriptionLength&quot;:0},&quot;lazy&quot;:true,&quot;state&quot;:{&quot;enabled&quot;:true,&quot;mask&quot;:&quot;foogallery-{id}&quot;},&quot;template&quot;:{&quot;loop&quot;:true}}\" data-foogallery-lightbox=\"{&quot;thumbs&quot;:&quot;bottom&quot;,&quot;thumbsCaptions&quot;:false,&quot;thumbsBestFit&quot;:false,&quot;thumbsSmall&quot;:false,&quot;thumbsCaptionsAlign&quot;:&quot;default&quot;,&quot;info&quot;:&quot;bottom&quot;,&quot;infoVisible&quot;:true,&quot;infoOverlay&quot;:false,&quot;infoAlign&quot;:&quot;center&quot;,&quot;transition&quot;:&quot;fade&quot;,&quot;hoverButtons&quot;:false,&quot;fitMedia&quot;:false,&quot;noScrollbars&quot;:true,&quot;preserveButtonSpace&quot;:true,&quot;buttons&quot;:{&quot;fullscreen&quot;:true,&quot;info&quot;:true,&quot;thumbs&quot;:false},&quot;video&quot;:{&quot;autoPlay&quot;:true}}\" >\n\t<div class=\"fiv-inner\">\n\t\t<div class=\"fiv-inner-container\">\n\t\t\t<div class=\"fg-item fg-type-image fg-idle\"><figure class=\"fg-item-inner\"><a href=\"https:\/\/www.geo-3.it\/wp-content\/uploads\/geo3-dronenerhebungen-inspektionen-umweltuntersuchungen-ueberwachungen-shst-683495518.jpg\" data-caption-title=\"Drohnen sind ein wichtiges Hilfsmittel f\u00fcr Umweltuntersuchungen und -\u00fcberwachungen. Drohnen erm\u00f6glichen es, zeitsparend gro\u00dfe Fl\u00e4chen zu vermessen und zu katalogisieren. Foto: \u00a9 shutterstock\" data-caption-desc=\"Drohnen sind ein wichtiges Hilfsmittel f\u00fcr Umweltuntersuchungen und -\u00fcberwachungen. Drohnen erm\u00f6glichen es, zeitsparend gro\u00dfe Fl\u00e4chen zu vermessen und zu katalogisieren. Foto: \u00a9 shutterstock\" data-attachment-id=\"238294\" data-lightbox-title=\"Drohnen sind ein wichtiges Hilfsmittel f\u00fcr Umweltuntersuchungen und -\u00fcberwachungen. Drohnen erm\u00f6glichen es, zeitsparend gro\u00dfe Fl\u00e4chen zu vermessen und zu katalogisieren. Foto: \u00a9 shutterstock\" data-type=\"image\" class=\"fg-thumb\"><span class=\"fg-image-wrap\"><img loading=\"lazy\" alt=\"Drohnen sind ein wichtiges Hilfsmittel f\u00fcr Umweltuntersuchungen und -\u00fcberwachungen. Drohnen erm\u00f6glichen es, zeitsparend gro\u00dfe Fl\u00e4chen zu vermessen und zu katalogisieren. Foto: \u00a9 shutterstock\" title=\"Drohnen sind ein wichtiges Hilfsmittel f\u00fcr Umweltuntersuchungen und -\u00fcberwachungen. Drohnen erm\u00f6glichen es, zeitsparend gro\u00dfe Fl\u00e4chen zu vermessen und zu katalogisieren. Foto: \u00a9 shutterstock\" width=\"640\" height=\"440\" class=\"skip-lazy fg-image\" data-src-fg=\"https:\/\/www.geo-3.it\/wp-content\/uploads\/cache\/geo3-dronenerhebungen-inspektionen-umweltuntersuchungen-ueberwachungen-shst-683495518\/2911455097.jpg\" src=\"data:image\/svg+xml,%3Csvg%20xmlns%3D%22http%3A%2F%2Fwww.w3.org%2F2000%2Fsvg%22%20width%3D%22640%22%20height%3D%22440%22%20viewBox%3D%220%200%20640%20440%22%3E%3C%2Fsvg%3E\"><\/span><span class=\"fg-image-overlay\"><\/span><\/a><figcaption class=\"fg-caption\"><div class=\"fg-caption-inner\"><div class=\"fg-caption-title\">Drohnen sind ein wichtiges Hilfsmittel f\u00fcr Umweltuntersuchungen und -\u00fcberwachungen. Drohnen erm\u00f6glichen es, zeitsparend gro\u00dfe Fl\u00e4chen zu vermessen und zu katalogisieren. Foto: \u00a9 shutterstock<\/div><\/div><\/figcaption><\/figure><div class=\"fg-loader\"><\/div><\/div>\t\t<\/div>\n\t\t<div class=\"fiv-ctrls\">\n\t\t\t<div class=\"fiv-prev\"><span>Zur\u00fcck<\/span><\/div>\n\t\t\t<label class=\"fiv-count\"><span class=\"fiv-count-current\">1<\/span>von<span class=\"fiv-count-total\">1<\/span><\/label>\n\t\t\t<div class=\"fiv-next\"><span>Vor<\/span><\/div>\n\t\t<\/div>\n\t<\/div>\n<\/div>[\/et_pb_code][\/et_pb_column][et_pb_column type=&#8220;1_2&#8243; _builder_version=&#8220;4.16&#8243; custom_css_main_element=&#8220;margin: auto;&#8220; global_colors_info=&#8220;{}&#8220;][et_pb_text admin_label=&#8220;Drohnen sind ein sehr wichtiges Hilfsmittel \u2026&#8220; _builder_version=&#8220;4.16.0&#8243; locked=&#8220;off&#8220; global_colors_info=&#8220;{}&#8220;]<\/p>\n<p>Drohnen sind ein sehr wichtiges Hilfsmittel f\u00fcr Umweltuntersuchungen und -\u00fcberwachungen geworden. Drohnen sind eine grundlegende Hilfe bei der Erhaltung von Landschaftsressourcen wie Fl\u00fcssen, Seen, S\u00fcmpfen, W\u00e4ldern, Weinbergen, Str\u00e4nden, Parks usw..<\/p>\n<p>Mit einer Drohne ist es m\u00f6glich, gro\u00dfe Fl\u00e4chen zu vermessen und zu katalogisieren, was im Vergleich zu herk\u00f6mmlichen Methoden viel an Zeit spart.<\/p>\n<p>Neben der Inspektion und \u00dcberwachung von Steinschlagschutzbauten f\u00fchrt Geo3 auch architektonische, technische und Detailvermessungen durch. Auch die \u00dcberwachung von sog. Folgema\u00dfnahmen, Naturkatastrophen, Brandverh\u00fctung und Aufkl\u00e4rung ist m\u00f6glich.<\/p>\n<p>Dank unserer ENAC-zertifizierten Mitarbeiter k\u00f6nnen wir hervorragende Ergebnisse garantieren.<\/p>\n<p>[\/et_pb_text][\/et_pb_column][\/et_pb_row][\/et_pb_section][et_pb_section fb_built=&#8220;1&#8243; admin_label=&#8220;Details&#8220; _builder_version=&#8220;4.16&#8243; background_enable_color=&#8220;off&#8220; custom_padding=&#8220;||||false|false&#8220; locked=&#8220;off&#8220; global_colors_info=&#8220;{}&#8220;][et_pb_row column_structure=&#8220;2_5,3_5&#8243; use_custom_gutter=&#8220;on&#8220; gutter_width=&#8220;2&#8243; make_equal=&#8220;on&#8220; custom_padding_last_edited=&#8220;on|phone&#8220; admin_label=&#8220;Leistungen&#8220; _builder_version=&#8220;4.16&#8243; background_color=&#8220;#343D46&#8243; background_color_gradient_direction=&#8220;90deg&#8220; background_color_gradient_start=&#8220;#fbfbfd&#8220; background_color_gradient_end=&#8220;#a7adba&#8220; custom_margin=&#8220;30px||||false|false&#8220; custom_margin_tablet=&#8220;&#8220; custom_margin_phone=&#8220;10px||||false|false&#8220; custom_margin_last_edited=&#8220;on|phone&#8220; custom_padding=&#8220;70px||40px||false|false&#8220; custom_padding_tablet=&#8220;60px||30px||false|false&#8220; custom_padding_phone=&#8220;50px||20px||false|false&#8220; custom_css_main_element=&#8220;margin: auto;&#8220; global_colors_info=&#8220;{}&#8220;][et_pb_column type=&#8220;2_5&#8243; _builder_version=&#8220;4.16&#8243; custom_padding=&#8220;|||20px|false|false&#8220; custom_padding_tablet=&#8220;|20px|||false|false&#8220; custom_padding_phone=&#8220;|20px|||false|false&#8220; custom_padding_last_edited=&#8220;on|phone&#8220; custom_css_main_element=&#8220;margin: auto;&#8220; global_colors_info=&#8220;{}&#8220;][\/et_pb_column][et_pb_column type=&#8220;3_5&#8243; _builder_version=&#8220;4.16&#8243; custom_padding=&#8220;||||false|false&#8220; custom_padding_tablet=&#8220;|||30px|false|false&#8220; custom_padding_phone=&#8220;|||20px|false|false&#8220; custom_padding_last_edited=&#8220;on|phone&#8220; custom_css_main_element=&#8220;margin: auto;&#8220; global_colors_info=&#8220;{}&#8220;][et_pb_text admin_label=&#8220;H2 Leistungen&#8220; _builder_version=&#8220;4.16.0&#8243; _module_preset=&#8220;e75688c7-e2ed-4a41-8aed-7524b554fb50&#8243; locked=&#8220;off&#8220; global_colors_info=&#8220;{}&#8220;]<\/p>\n<h2>Leistungen<\/h2>\n<p>[\/et_pb_text][et_pb_blurb title=&#8220;Topographische Vermessungen.&#8220; use_icon=&#8220;on&#8220; font_icon=&#8220;&#x5a;||divi||400&#8243; admin_label=&#8220;Topographische Vermessungen.&#8220; _builder_version=&#8220;4.16.0&#8243; _module_preset=&#8220;288d2b15-a124-4cc2-b7dc-f99526cf52a3&#8243; icon_font_size=&#8220;2rem&#8220; icon_font_size_tablet=&#8220;1.8rem&#8220; icon_font_size_phone=&#8220;1.6rem&#8220; icon_font_size_last_edited=&#8220;on|phone&#8220; locked=&#8220;off&#8220; global_colors_info=&#8220;{}&#8220;][\/et_pb_blurb][et_pb_blurb title=&#8220;Luftbildphotogrammetrie.&#8220; use_icon=&#8220;on&#8220; font_icon=&#8220;&#x5a;||divi||400&#8243; admin_label=&#8220;Luftbildphotogrammetrie.&#8220; _builder_version=&#8220;4.16.0&#8243; _module_preset=&#8220;288d2b15-a124-4cc2-b7dc-f99526cf52a3&#8243; header_font_size_tablet=&#8220;&#8220; header_font_size_phone=&#8220;&#8220; header_font_size_last_edited=&#8220;on|desktop&#8220; icon_font_size=&#8220;2rem&#8220; icon_font_size_tablet=&#8220;1.8rem&#8220; icon_font_size_phone=&#8220;1.6rem&#8220; icon_font_size_last_edited=&#8220;on|phone&#8220; locked=&#8220;off&#8220; global_colors_info=&#8220;{}&#8220;][\/et_pb_blurb][et_pb_blurb title=&#8220;Inspektionen von Infrastrukturen.&#8220; use_icon=&#8220;on&#8220; font_icon=&#8220;&#x5a;||divi||400&#8243; admin_label=&#8220;Inspektionen von Infrastrukturen.&#8220; _builder_version=&#8220;4.16.0&#8243; _module_preset=&#8220;288d2b15-a124-4cc2-b7dc-f99526cf52a3&#8243; header_font_size_tablet=&#8220;&#8220; header_font_size_phone=&#8220;&#8220; header_font_size_last_edited=&#8220;on|desktop&#8220; icon_font_size=&#8220;2rem&#8220; icon_font_size_tablet=&#8220;1.8rem&#8220; icon_font_size_phone=&#8220;1.6rem&#8220; icon_font_size_last_edited=&#8220;on|phone&#8220; locked=&#8220;off&#8220; global_colors_info=&#8220;{}&#8220;][\/et_pb_blurb][et_pb_blurb title=&#8220;Geologische Untersuchungen.&#8220; use_icon=&#8220;on&#8220; font_icon=&#8220;&#x5a;||divi||400&#8243; icon_color=&#8220;#FBFBFD&#8220; icon_placement=&#8220;left&#8220; image_icon_width=&#8220;2rem&#8220; content_max_width=&#8220;100%&#8220; image_icon_width_tablet=&#8220;1.8rem&#8220; image_icon_width_phone=&#8220;1.6rem&#8220; image_icon_width_last_edited=&#8220;on|phone&#8220; admin_label=&#8220;Geologische Untersuchungen.&#8220; _builder_version=&#8220;4.16.0&#8243; header_level=&#8220;h4&#8243; header_font=&#8220;OpenSans||||||||&#8220; header_text_color=&#8220;#FBFBFD&#8220; header_font_size=&#8220;1.1rem&#8220; header_line_height=&#8220;1.4em&#8220; custom_margin=&#8220;||||false|false&#8220; custom_padding=&#8220;|20px||0px|false|false&#8220; custom_padding_tablet=&#8220;|20px||20px|false|false&#8220; custom_padding_phone=&#8220;&#8220; custom_padding_last_edited=&#8220;on|phone&#8220; animation=&#8220;off&#8220; header_font_size_tablet=&#8220;1.1rem&#8220; header_font_size_phone=&#8220;1rem&#8220; header_font_size_last_edited=&#8220;on|desktop&#8220; icon_font_size=&#8220;2rem&#8220; icon_font_size_tablet=&#8220;1.8rem&#8220; icon_font_size_phone=&#8220;1.6rem&#8220; icon_font_size_last_edited=&#8220;on|phone&#8220; locked=&#8220;off&#8220; global_colors_info=&#8220;{}&#8220;][\/et_pb_blurb][et_pb_blurb title=&#8220;\u00dcberwachung der Umwelt.&#8220; use_icon=&#8220;on&#8220; font_icon=&#8220;&#x5a;||divi||400&#8243; admin_label=&#8220;\u00dcberwachung der Umwelt.&#8220; _builder_version=&#8220;4.16.0&#8243; _module_preset=&#8220;288d2b15-a124-4cc2-b7dc-f99526cf52a3&#8243; header_font_size_tablet=&#8220;&#8220; header_font_size_phone=&#8220;&#8220; header_font_size_last_edited=&#8220;on|desktop&#8220; icon_font_size=&#8220;2rem&#8220; icon_font_size_tablet=&#8220;1.8rem&#8220; icon_font_size_phone=&#8220;1.6rem&#8220; icon_font_size_last_edited=&#8220;on|phone&#8220; locked=&#8220;off&#8220; global_colors_info=&#8220;{}&#8220;][\/et_pb_blurb][\/et_pb_column][\/et_pb_row][\/et_pb_section]<\/p>\n","protected":false},"excerpt":{"rendered":"<p>SektorDrohnenerhebungen \u2013 Inspektionen<style type=\"text\/css\">\n\t#foogallery-gallery-238296_1 .fg-image {\n        width: 640px;\n    }\n<\/style>\n\t\t\t\t<div class=\"foogallery foogallery-container foogallery-image-viewer foogallery-link-image foogallery-lightbox-foogallery fg-center fg-image-viewer fg-light fg-border-thin fg-shadow-outline fg-loading-default fg-loaded-fade-in fg-caption-hover fg-hover-fade fg-hover-zoom fg-c-c fg-ready\" id=\"foogallery-gallery-238296_1\" data-foogallery=\"{&quot;item&quot;:{&quot;showCaptionTitle&quot;:true,&quot;showCaptionDescription&quot;:false,&quot;maxCaptionLength&quot;:50,&quot;maxDescriptionLength&quot;:0},&quot;lazy&quot;:true,&quot;state&quot;:{&quot;enabled&quot;:true,&quot;mask&quot;:&quot;foogallery-{id}&quot;},&quot;template&quot;:{&quot;loop&quot;:true}}\" data-foogallery-lightbox=\"{&quot;thumbs&quot;:&quot;bottom&quot;,&quot;thumbsCaptions&quot;:false,&quot;thumbsBestFit&quot;:false,&quot;thumbsSmall&quot;:false,&quot;thumbsCaptionsAlign&quot;:&quot;default&quot;,&quot;info&quot;:&quot;bottom&quot;,&quot;infoVisible&quot;:true,&quot;infoOverlay&quot;:false,&quot;infoAlign&quot;:&quot;center&quot;,&quot;transition&quot;:&quot;fade&quot;,&quot;hoverButtons&quot;:false,&quot;fitMedia&quot;:false,&quot;noScrollbars&quot;:true,&quot;preserveButtonSpace&quot;:true,&quot;buttons&quot;:{&quot;fullscreen&quot;:true,&quot;info&quot;:true,&quot;thumbs&quot;:false},&quot;video&quot;:{&quot;autoPlay&quot;:true}}\" >\n\t<div class=\"fiv-inner\">\n\t\t<div class=\"fiv-inner-container\">\n\t\t\t<div class=\"fg-item fg-type-image fg-idle\"><figure class=\"fg-item-inner\"><a href=\"https:\/\/www.geo-3.it\/wp-content\/uploads\/geo3-dronenerhebungen-inspektionen-umweltuntersuchungen-ueberwachungen-shst-683495518.jpg\" data-caption-title=\"Drohnen sind ein wichtiges Hilfsmittel f\u00fcr Umweltuntersuchungen und -\u00fcberwachungen. Drohnen erm\u00f6glichen es, zeitsparend gro\u00dfe Fl\u00e4chen zu vermessen und zu katalogisieren. Foto: \u00a9 shutterstock\" data-caption-desc=\"Drohnen sind ein wichtiges Hilfsmittel f\u00fcr Umweltuntersuchungen und -\u00fcberwachungen. Drohnen erm\u00f6glichen es, zeitsparend gro\u00dfe Fl\u00e4chen zu vermessen und zu katalogisieren. Foto: \u00a9 shutterstock\" data-attachment-id=\"238294\" data-lightbox-title=\"Drohnen sind ein wichtiges Hilfsmittel f\u00fcr Umweltuntersuchungen und -\u00fcberwachungen. Drohnen erm\u00f6glichen es, zeitsparend gro\u00dfe Fl\u00e4chen zu vermessen und zu katalogisieren. Foto: \u00a9 shutterstock\" data-type=\"image\" class=\"fg-thumb\"><span class=\"fg-image-wrap\"><img alt=\"Drohnen sind ein wichtiges Hilfsmittel f\u00fcr Umweltuntersuchungen und -\u00fcberwachungen. Drohnen erm\u00f6glichen es, zeitsparend gro\u00dfe Fl\u00e4chen zu vermessen und zu katalogisieren. Foto: \u00a9 shutterstock\" title=\"Drohnen sind ein wichtiges Hilfsmittel f\u00fcr Umweltuntersuchungen und -\u00fcberwachungen. Drohnen erm\u00f6glichen es, zeitsparend gro\u00dfe Fl\u00e4chen zu vermessen und zu katalogisieren. Foto: \u00a9 shutterstock\" width=\"640\" height=\"440\" class=\"skip-lazy fg-image\" data-src-fg=\"https:\/\/www.geo-3.it\/wp-content\/uploads\/cache\/geo3-dronenerhebungen-inspektionen-umweltuntersuchungen-ueberwachungen-shst-683495518\/2911455097.jpg\" src=\"data:image\/svg+xml,%3Csvg%20xmlns%3D%22http%3A%2F%2Fwww.w3.org%2F2000%2Fsvg%22%20width%3D%22640%22%20height%3D%22440%22%20viewBox%3D%220%200%20640%20440%22%3E%3C%2Fsvg%3E\"><\/span><span class=\"fg-image-overlay\"><\/span><\/a><figcaption class=\"fg-caption\"><div class=\"fg-caption-inner\"><div class=\"fg-caption-title\">Drohnen sind ein wichtiges Hilfsmittel f\u00fcr Umweltuntersuchungen und -\u00fcberwachungen. Drohnen erm\u00f6glichen es, zeitsparend gro\u00dfe Fl\u00e4chen zu vermessen und zu katalogisieren. Foto: \u00a9 shutterstock<\/div><\/div><\/figcaption><\/figure><div class=\"fg-loader\"><\/div><\/div>\t\t<\/div>\n\t\t<div class=\"fiv-ctrls\">\n\t\t\t<div class=\"fiv-prev\"><span>Zur\u00fcck<\/span><\/div>\n\t\t\t<label class=\"fiv-count\"><span class=\"fiv-count-current\">1<\/span>von<span class=\"fiv-count-total\">1<\/span><\/label>\n\t\t\t<div class=\"fiv-next\"><span>Vor<\/span><\/div>\n\t\t<\/div>\n\t<\/div>\n<\/div>Drohnen sind ein sehr wichtiges Hilfsmittel f\u00fcr Umweltuntersuchungen und -\u00fcberwachungen geworden. Drohnen sind eine grundlegende Hilfe bei der Erhaltung von Landschaftsressourcen wie Fl\u00fcssen, Seen, S\u00fcmpfen, W\u00e4ldern, Weinbergen, Str\u00e4nden, Parks usw.. Mit einer Drohne ist es m\u00f6glich, gro\u00dfe Fl\u00e4chen zu vermessen und zu katalogisieren, was im Vergleich zu herk\u00f6mmlichen Methoden viel an Zeit [&hellip;]<\/p>\n","protected":false},"author":1,"featured_media":0,"parent":0,"menu_order":0,"comment_status":"closed","ping_status":"closed","template":"","meta":{"_et_pb_use_builder":"on","_et_pb_old_content":"","_et_gb_content_width":""},"_links":{"self":[{"href":"https:\/\/www.geo-3.it\/de\/wp-json\/wp\/v2\/pages\/237218"}],"collection":[{"href":"https:\/\/www.geo-3.it\/de\/wp-json\/wp\/v2\/pages"}],"about":[{"href":"https:\/\/www.geo-3.it\/de\/wp-json\/wp\/v2\/types\/page"}],"author":[{"embeddable":true,"href":"https:\/\/www.geo-3.it\/de\/wp-json\/wp\/v2\/users\/1"}],"replies":[{"embeddable":true,"href":"https:\/\/www.geo-3.it\/de\/wp-json\/wp\/v2\/comments?post=237218"}],"version-history":[{"count":16,"href":"https:\/\/www.geo-3.it\/de\/wp-json\/wp\/v2\/pages\/237218\/revisions"}],"predecessor-version":[{"id":238298,"href":"https:\/\/www.geo-3.it\/de\/wp-json\/wp\/v2\/pages\/237218\/revisions\/238298"}],"wp:attachment":[{"href":"https:\/\/www.geo-3.it\/de\/wp-json\/wp\/v2\/media?parent=237218"}],"curies":[{"name":"wp","href":"https:\/\/api.w.org\/{rel}","templated":true}]}}