{"id":237913,"date":"2022-03-23T10:41:38","date_gmt":"2022-03-23T09:41:38","guid":{"rendered":"https:\/\/geo-3.it\/?page_id=237913"},"modified":"2022-04-11T16:23:36","modified_gmt":"2022-04-11T14:23:36","slug":"radon","status":"publish","type":"page","link":"https:\/\/www.geo-3.it\/de\/radon\/","title":{"rendered":"Radon"},"content":{"rendered":"<p>[et_pb_section fb_built=&#8220;1&#8243; admin_label=&#8220;Header&#8220; _builder_version=&#8220;4.16.0&#8243; _module_preset=&#8220;9921d6fa-6a30-46bb-9b4d-ecfd9c9fa11c&#8220; background_image=&#8220;https:\/\/geo-3.it\/wp-content\/uploads\/geo3-radon-header-img-2022-02-86-rn-shutterstock-1967278954-2560x960px.jpg&#8220; global_colors_info=&#8220;{}&#8220;][\/et_pb_section][et_pb_section fb_built=&#8220;1&#8243; admin_label=&#8220;Details&#8220; _builder_version=&#8220;4.16&#8243; custom_padding=&#8220;||||false|false&#8220; locked=&#8220;off&#8220; global_colors_info=&#8220;{}&#8220;][et_pb_row use_custom_gutter=&#8220;on&#8220; gutter_width=&#8220;2&#8243; custom_padding_last_edited=&#8220;on|phone&#8220; _builder_version=&#8220;4.16&#8243; custom_margin_phone=&#8220;10px||||false|false&#8220; custom_margin_last_edited=&#8220;off|desktop&#8220; custom_padding=&#8220;60px||||false|false&#8220; custom_padding_tablet=&#8220;50px||||false|false&#8220; custom_padding_phone=&#8220;20px||||false|false&#8220; global_colors_info=&#8220;{}&#8220; header_font_size_tablet=&#8220;1.1rem&#8220; header_font_size_phone=&#8220;1rem&#8220; header_font_size_last_edited=&#8220;on|desktop&#8220;][et_pb_column type=&#8220;4_4&#8243; _builder_version=&#8220;4.16&#8243; global_colors_info=&#8220;{}&#8220;][et_pb_text admin_label=&#8220;Sektor&#8220; _builder_version=&#8220;4.16&#8243; text_font=&#8220;Outfit|700||on|on||||&#8220; text_text_color=&#8220;#65737E&#8220; text_font_size=&#8220;1.4rem&#8220; header_font=&#8220;Outfit|700|||||||&#8220; header_text_color=&#8220;#1D1D1F&#8220; header_font_size=&#8220;2rem&#8220; header_line_height=&#8220;1.8em&#8220; header_2_font=&#8220;||||||||&#8220; header_2_line_height=&#8220;1.8em&#8220; header_4_font=&#8220;|700|||on||||&#8220; header_4_text_color=&#8220;#c87056&#8243; header_4_font_size=&#8220;1rem&#8220; header_4_letter_spacing=&#8220;2.6px&#8220; header_4_line_height=&#8220;1.6em&#8220; text_font_size_tablet=&#8220;1.4rem&#8220; text_font_size_phone=&#8220;1.2rem&#8220; header_font_size_phone=&#8220;1.6rem&#8220; header_2_font_size_tablet=&#8220;22px&#8220; locked=&#8220;off&#8220; global_colors_info=&#8220;{}&#8220;]<\/p>\n<p>Sektor<\/p>\n<p>[\/et_pb_text][et_pb_text content_last_edited=&#8220;off|desktop&#8220; admin_label=&#8220;H1 Radon&#8220; _builder_version=&#8220;4.16.0&#8243; _module_preset=&#8220;default&#8220; max_width=&#8220;70%&#8220; locked=&#8220;off&#8220; global_colors_info=&#8220;{}&#8220;]<\/p>\n<h1>Radon<\/h1>\n<p>[\/et_pb_text][et_pb_divider admin_label=&#8220;Teiler H1&#8243; _builder_version=&#8220;4.14.8&#8243; _module_preset=&#8220;6a54d36b-27a1-42c0-a132-90c6ea8de6ee&#8220; global_module=&#8220;236981&#8243; global_colors_info=&#8220;{}&#8220;][\/et_pb_divider][\/et_pb_column][\/et_pb_row][et_pb_row use_custom_gutter=&#8220;on&#8220; gutter_width=&#8220;2&#8243; make_equal=&#8220;on&#8220; custom_padding_last_edited=&#8220;off|desktop&#8220; _builder_version=&#8220;4.16&#8243; background_enable_color=&#8220;off&#8220; custom_margin_last_edited=&#8220;off|desktop&#8220; custom_css_main_element=&#8220;margin: auto;&#8220; locked=&#8220;off&#8220; global_colors_info=&#8220;{}&#8220; header_font_size_tablet=&#8220;1.1rem&#8220; header_font_size_phone=&#8220;1rem&#8220; header_font_size_last_edited=&#8220;on|desktop&#8220;][et_pb_column type=&#8220;4_4&#8243; _builder_version=&#8220;4.16&#8243; background_color=&#8220;RGBA(255,255,255,0)&#8220; custom_padding=&#8220;0px||0px||true|false&#8220; custom_css_main_element=&#8220;margin: auto;&#8220; global_colors_info=&#8220;{}&#8220;][et_pb_text admin_label=&#8220;Messung der Radonkonzentration \u2026&#8220; _builder_version=&#8220;4.16.0&#8243; locked=&#8220;off&#8220; global_colors_info=&#8220;{}&#8220;]<\/p>\n<p><strong>Messung der Radonkonzentration im Boden, um die Wahrscheinlichkeit einer Anreicherung in dem zu errichtenden Geb\u00e4ude zu beurteilen.<\/strong><\/p>\n<p>[\/et_pb_text][\/et_pb_column][\/et_pb_row][et_pb_row column_structure=&#8220;1_2,1_2&#8243; use_custom_gutter=&#8220;on&#8220; gutter_width=&#8220;2&#8243; make_equal=&#8220;on&#8220; custom_padding_last_edited=&#8220;off|desktop&#8220; _builder_version=&#8220;4.16&#8243; background_enable_color=&#8220;off&#8220; custom_margin_last_edited=&#8220;off|desktop&#8220; custom_css_main_element=&#8220;margin: auto;&#8220; locked=&#8220;off&#8220; global_colors_info=&#8220;{}&#8220; header_font_size_tablet=&#8220;1.1rem&#8220; header_font_size_phone=&#8220;1rem&#8220; header_font_size_last_edited=&#8220;on|desktop&#8220;][et_pb_column type=&#8220;1_2&#8243; _builder_version=&#8220;4.16&#8243; background_color=&#8220;RGBA(255,255,255,0)&#8220; custom_padding=&#8220;0px||0px||true|false&#8220; custom_css_main_element=&#8220;margin: auto;&#8220; global_colors_info=&#8220;{}&#8220;][et_pb_text admin_label=&#8220;Die Risikobewertung erm\u00f6glicht es, \u2026&#8220; _builder_version=&#8220;4.16.0&#8243; locked=&#8220;off&#8220; global_colors_info=&#8220;{}&#8220;]<\/p>\n<p>Die Risikobewertung erm\u00f6glicht es, anhand des tats\u00e4chlichen Gef\u00e4hrdungsgrads im betreffenden Gebiet geeignete Ma\u00dfnahmen f\u00fcr geplante Geb\u00e4ude festzulegen und geeignete st\u00e4dtebauliche Instrumente auszuarbeiten, um den Schutz der \u00f6ffentlichen Gesundheit und die Sicherheit von Personen und G\u00fctern zu gew\u00e4hrleisten.<\/p>\n<p>Bislang wurde dieser Ansatz f\u00fcr hydrogeologische, seismische, vulkanische, industrielle Risiken usw. verfolgt.<\/p>\n<p>Neue Trends im Gesundheitsschutz ber\u00fccksichtigen auch die Bewertung des nat\u00fcrlichen Risikos, das durch die Ansammlung von Radongas und seinen Zerfallsprodukten in geschlossenen R\u00e4umen entsteht. Epidemiologische Statistiken zeigen, wie stark sich Radon auf die \u00f6ffentliche Gesundheit auswirkt, da es nach dem Rauchen die zweith\u00e4ufigste Ursache f\u00fcr Lungenkrebs ist <\/p>\n<p>[\/et_pb_text][\/et_pb_column][et_pb_column type=&#8220;1_2&#8243; _builder_version=&#8220;4.16&#8243; custom_css_main_element=&#8220;margin: auto;&#8220; global_colors_info=&#8220;{}&#8220;][et_pb_image src=&#8220;https:\/\/geo-3.it\/wp-content\/uploads\/geo3-radon-schutz-abdichtungsmembran-entlueftungsrohr-shst-1078270760.jpg&#8220; title_text=&#8220;geo3-radon-schutz-abdichtungsmembran-entlueftungsrohr-shst-1078270760&#8243; show_in_lightbox=&#8220;on&#8220; _builder_version=&#8220;4.16.1&#8243; _module_preset=&#8220;default&#8220; border_width_all=&#8220;2px&#8220; border_color_all=&#8220;#1D1D1F&#8220; global_colors_info=&#8220;{}&#8220;][\/et_pb_image][et_pb_text _builder_version=&#8220;4.16&#8243; _module_preset=&#8220;default&#8220; text_font_size=&#8220;1rem&#8220; text_font_size_tablet=&#8220;1rem&#8220; text_font_size_phone=&#8220;0.9rem&#8220; text_font_size_last_edited=&#8220;on|phone&#8220; global_colors_info=&#8220;{}&#8220;]<\/p>\n<p>Click Image For Full Size<\/p>\n<p>[\/et_pb_text][\/et_pb_column][\/et_pb_row][et_pb_row column_structure=&#8220;1_2,1_2&#8243; use_custom_gutter=&#8220;on&#8220; gutter_width=&#8220;2&#8243; make_equal=&#8220;on&#8220; custom_padding_last_edited=&#8220;off|desktop&#8220; _builder_version=&#8220;4.16&#8243; background_enable_color=&#8220;off&#8220; custom_margin_last_edited=&#8220;off|desktop&#8220; custom_css_main_element=&#8220;margin: auto;&#8220; locked=&#8220;off&#8220; global_colors_info=&#8220;{}&#8220; header_font_size_tablet=&#8220;1.1rem&#8220; header_font_size_phone=&#8220;1rem&#8220; header_font_size_last_edited=&#8220;on|desktop&#8220;][et_pb_column type=&#8220;1_2&#8243; _builder_version=&#8220;4.16&#8243; background_color=&#8220;RGBA(255,255,255,0)&#8220; custom_padding=&#8220;0px||0px||true|false&#8220; custom_css_main_element=&#8220;margin: auto;&#8220; global_colors_info=&#8220;{}&#8220;][et_pb_text admin_label=&#8220;Im Jahr 2020 wurde das Gesetzesdekret \u2026&#8220; _builder_version=&#8220;4.16.1&#8243; locked=&#8220;off&#8220; global_colors_info=&#8220;{}&#8220;]<\/p>\n<p><strong>Im Jahr 2020 wurde das Gesetzesdekret Nr. 101 vom 31. Juli 2020 verabschiedet. Das Dekret<\/strong><\/p>\n<ul>\n<li>legt die j\u00e4hrliche Durchschnittskonzentration der Radonaktivit\u00e4t in der Luft f\u00fcr Wohnungen, die nach dem 31. Dezember 2024 gebaut werden, auf 200 Bq\/m\u00b3 fest;<\/li>\n<li>sieht die Verabschiedung des Nationalen Radon-Aktionsplans vor, der sich mit den langfristigen Risiken der Radonexposition sowie mit der Ermittlung und Einstufung von priorit\u00e4ren Gebieten befasst.<\/li>\n<\/ul>\n<p>[\/et_pb_text][\/et_pb_column][et_pb_column type=&#8220;1_2&#8243; _builder_version=&#8220;4.16&#8243; custom_css_main_element=&#8220;margin: auto;&#8220; global_colors_info=&#8220;{}&#8220;][et_pb_image src=&#8220;https:\/\/geo-3.it\/wp-content\/uploads\/geo3-radonkarte-radonkonzentration-bewohnte-gebaeude-suedtirol-2003.jpg&#8220; title_text=&#8220;geo3-radonkarte-radonkonzentration-bewohnte-gebaeude-suedtirol-2003&#8243; show_in_lightbox=&#8220;on&#8220; _builder_version=&#8220;4.16.1&#8243; _module_preset=&#8220;default&#8220; border_width_all=&#8220;2px&#8220; border_color_all=&#8220;#1D1D1F&#8220; global_colors_info=&#8220;{}&#8220;][\/et_pb_image][et_pb_text _builder_version=&#8220;4.16&#8243; _module_preset=&#8220;default&#8220; text_font_size=&#8220;1rem&#8220; text_font_size_tablet=&#8220;1rem&#8220; text_font_size_phone=&#8220;0.9rem&#8220; text_font_size_last_edited=&#8220;on|phone&#8220; global_colors_info=&#8220;{}&#8220;]<\/p>\n<p>Click Image For Full Size<\/p>\n<p>[\/et_pb_text][\/et_pb_column][\/et_pb_row][et_pb_row column_structure=&#8220;1_2,1_2&#8243; use_custom_gutter=&#8220;on&#8220; gutter_width=&#8220;2&#8243; make_equal=&#8220;on&#8220; custom_padding_last_edited=&#8220;off|desktop&#8220; _builder_version=&#8220;4.16&#8243; background_enable_color=&#8220;off&#8220; custom_margin_last_edited=&#8220;off|desktop&#8220; custom_css_main_element=&#8220;margin: auto;&#8220; locked=&#8220;off&#8220; global_colors_info=&#8220;{}&#8220; header_font_size_tablet=&#8220;1.1rem&#8220; header_font_size_phone=&#8220;1rem&#8220; header_font_size_last_edited=&#8220;on|desktop&#8220;][et_pb_column type=&#8220;1_2&#8243; _builder_version=&#8220;4.16&#8243; background_color=&#8220;RGBA(255,255,255,0)&#8220; custom_padding=&#8220;0px||0px||true|false&#8220; custom_css_main_element=&#8220;margin: auto;&#8220; global_colors_info=&#8220;{}&#8220;][et_pb_text admin_label=&#8220;Die Bewertung des Radonrisikos in neuen H\u00e4usern \u2026&#8220; _builder_version=&#8220;4.16.1&#8243; locked=&#8220;off&#8220; global_colors_info=&#8220;{}&#8220;]<\/p>\n<p>Die Bewertung des Radonrisikos in neuen H\u00e4usern erfolgt \u00fcber die Messung der maximalen Radonkonzentration im Boden, der Gegenstand der Bauarbeiten ist.<\/p>\n<p>Diese Messungen vor Ort werden direkt von unserem Studio in Zusammenarbeit mit unseren Partnern abgewickelt und durchgef\u00fchrt.<\/p>\n<p>[\/et_pb_text][\/et_pb_column][et_pb_column type=&#8220;1_2&#8243; _builder_version=&#8220;4.16&#8243; custom_css_main_element=&#8220;margin: auto;&#8220; global_colors_info=&#8220;{}&#8220;][et_pb_image src=&#8220;https:\/\/geo-3.it\/wp-content\/uploads\/geo3-radon-86-rn-shst-256185979.jpg&#8220; title_text=&#8220;geo3-radon-86-rn-shst-256185979&#8243; show_in_lightbox=&#8220;on&#8220; _builder_version=&#8220;4.16.1&#8243; _module_preset=&#8220;default&#8220; border_width_all=&#8220;2px&#8220; border_color_all=&#8220;#1D1D1F&#8220; global_colors_info=&#8220;{}&#8220;][\/et_pb_image][et_pb_text _builder_version=&#8220;4.16&#8243; _module_preset=&#8220;default&#8220; text_font_size=&#8220;1rem&#8220; text_font_size_tablet=&#8220;1rem&#8220; text_font_size_phone=&#8220;0.9rem&#8220; text_font_size_last_edited=&#8220;on|phone&#8220; global_colors_info=&#8220;{}&#8220;]<\/p>\n<p>Click Image For Full Size<\/p>\n<p>[\/et_pb_text][\/et_pb_column][\/et_pb_row][\/et_pb_section][et_pb_section fb_built=&#8220;1&#8243; admin_label=&#8220;Details&#8220; _builder_version=&#8220;4.16&#8243; background_enable_color=&#8220;off&#8220; custom_padding=&#8220;||||false|false&#8220; locked=&#8220;off&#8220; global_colors_info=&#8220;{}&#8220;][et_pb_row column_structure=&#8220;2_5,3_5&#8243; use_custom_gutter=&#8220;on&#8220; gutter_width=&#8220;2&#8243; make_equal=&#8220;on&#8220; custom_padding_last_edited=&#8220;on|phone&#8220; admin_label=&#8220;Leistungen&#8220; _builder_version=&#8220;4.16&#8243; background_color=&#8220;#343D46&#8243; background_color_gradient_direction=&#8220;90deg&#8220; background_color_gradient_start=&#8220;#fbfbfd&#8220; background_color_gradient_end=&#8220;#a7adba&#8220; custom_margin=&#8220;30px||||false|false&#8220; custom_margin_tablet=&#8220;&#8220; custom_margin_phone=&#8220;10px||||false|false&#8220; custom_margin_last_edited=&#8220;on|phone&#8220; custom_padding=&#8220;70px||40px||false|false&#8220; custom_padding_tablet=&#8220;60px||30px||false|false&#8220; custom_padding_phone=&#8220;50px||20px||false|false&#8220; custom_css_main_element=&#8220;margin: auto;&#8220; locked=&#8220;off&#8220; global_colors_info=&#8220;{}&#8220;][et_pb_column type=&#8220;2_5&#8243; _builder_version=&#8220;4.16&#8243; global_colors_info=&#8220;{}&#8220;][\/et_pb_column][et_pb_column type=&#8220;3_5&#8243; _builder_version=&#8220;4.16&#8243; global_colors_info=&#8220;{}&#8220;][et_pb_text admin_label=&#8220;H2 Leistungen&#8220; _builder_version=&#8220;4.16.0&#8243; _module_preset=&#8220;e75688c7-e2ed-4a41-8aed-7524b554fb50&#8243; locked=&#8220;off&#8220; global_colors_info=&#8220;{}&#8220;]<\/p>\n<h2>Leistungen<\/h2>\n<p>[\/et_pb_text][et_pb_blurb title=&#8220;In-Situ-Messungen mit passiven Dosimetern.&#8220; use_icon=&#8220;on&#8220; font_icon=&#8220;&#x5a;||divi||400&#8243; admin_label=&#8220;In-Situ-Messungen mit passiven Dosimetern.&#8220; _builder_version=&#8220;4.16.0&#8243; _module_preset=&#8220;288d2b15-a124-4cc2-b7dc-f99526cf52a3&#8243; icon_font_size=&#8220;2rem&#8220; icon_font_size_tablet=&#8220;1.8rem&#8220; icon_font_size_phone=&#8220;1.6rem&#8220; icon_font_size_last_edited=&#8220;on|phone&#8220; locked=&#8220;off&#8220; global_colors_info=&#8220;{}&#8220;][\/et_pb_blurb][et_pb_blurb title=&#8220;Absch\u00e4tzung der Gefahrenklasse.&#8220; use_icon=&#8220;on&#8220; font_icon=&#8220;&#x5a;||divi||400&#8243; admin_label=&#8220;Absch\u00e4tzung der Gefahrenklasse.&#8220; _builder_version=&#8220;4.16.0&#8243; _module_preset=&#8220;288d2b15-a124-4cc2-b7dc-f99526cf52a3&#8243; icon_font_size=&#8220;2rem&#8220; icon_font_size_tablet=&#8220;1.8rem&#8220; icon_font_size_phone=&#8220;1.6rem&#8220; icon_font_size_last_edited=&#8220;on|phone&#8220; locked=&#8220;off&#8220; global_colors_info=&#8220;{}&#8220;][\/et_pb_blurb][et_pb_blurb title=&#8220;Bewertung m\u00f6glicher Ma\u00dfnahmen zur Gefahrenreduzierung.&#8220; use_icon=&#8220;on&#8220; font_icon=&#8220;&#x5a;||divi||400&#8243; admin_label=&#8220;Bewertung m\u00f6glicher Ma\u00dfnahmen zur Gefahrenreduzierung.&#8220; _builder_version=&#8220;4.16.0&#8243; _module_preset=&#8220;288d2b15-a124-4cc2-b7dc-f99526cf52a3&#8243; icon_font_size=&#8220;2rem&#8220; icon_font_size_tablet=&#8220;1.8rem&#8220; icon_font_size_phone=&#8220;1.6rem&#8220; icon_font_size_last_edited=&#8220;on|phone&#8220; locked=&#8220;off&#8220; global_colors_info=&#8220;{}&#8220;][\/et_pb_blurb][\/et_pb_column][\/et_pb_row][\/et_pb_section]<\/p>\n","protected":false},"excerpt":{"rendered":"<p>SektorRadonMessung der Radonkonzentration im Boden, um die Wahrscheinlichkeit einer Anreicherung in dem zu errichtenden Geb\u00e4ude zu beurteilen.Die Risikobewertung erm\u00f6glicht es, anhand des tats\u00e4chlichen Gef\u00e4hrdungsgrads im betreffenden Gebiet geeignete Ma\u00dfnahmen f\u00fcr geplante Geb\u00e4ude festzulegen und geeignete st\u00e4dtebauliche Instrumente auszuarbeiten, um den Schutz der \u00f6ffentlichen Gesundheit und die Sicherheit von Personen und G\u00fctern zu gew\u00e4hrleisten. Bislang wurde [&hellip;]<\/p>\n","protected":false},"author":1,"featured_media":0,"parent":0,"menu_order":0,"comment_status":"closed","ping_status":"closed","template":"","meta":{"_et_pb_use_builder":"on","_et_pb_old_content":"","_et_gb_content_width":""},"_links":{"self":[{"href":"https:\/\/www.geo-3.it\/de\/wp-json\/wp\/v2\/pages\/237913"}],"collection":[{"href":"https:\/\/www.geo-3.it\/de\/wp-json\/wp\/v2\/pages"}],"about":[{"href":"https:\/\/www.geo-3.it\/de\/wp-json\/wp\/v2\/types\/page"}],"author":[{"embeddable":true,"href":"https:\/\/www.geo-3.it\/de\/wp-json\/wp\/v2\/users\/1"}],"replies":[{"embeddable":true,"href":"https:\/\/www.geo-3.it\/de\/wp-json\/wp\/v2\/comments?post=237913"}],"version-history":[{"count":30,"href":"https:\/\/www.geo-3.it\/de\/wp-json\/wp\/v2\/pages\/237913\/revisions"}],"predecessor-version":[{"id":238438,"href":"https:\/\/www.geo-3.it\/de\/wp-json\/wp\/v2\/pages\/237913\/revisions\/238438"}],"wp:attachment":[{"href":"https:\/\/www.geo-3.it\/de\/wp-json\/wp\/v2\/media?parent=237913"}],"curies":[{"name":"wp","href":"https:\/\/api.w.org\/{rel}","templated":true}]}}