{"id":238214,"date":"2022-04-01T18:10:22","date_gmt":"2022-04-01T16:10:22","guid":{"rendered":"https:\/\/geo-3.it\/?page_id=238214"},"modified":"2023-05-22T10:49:34","modified_gmt":"2023-05-22T08:49:34","slug":"kontakte","status":"publish","type":"page","link":"https:\/\/www.geo-3.it\/de\/kontakte\/","title":{"rendered":"Kontakte"},"content":{"rendered":"<p>[et_pb_section fb_built=&#8220;1&#8243; admin_label=&#8220;About&#8220; _builder_version=&#8220;4.16&#8243; _module_preset=&#8220;default&#8220; locked=&#8220;off&#8220; global_colors_info=&#8220;{}&#8220;][et_pb_row use_custom_gutter=&#8220;on&#8220; gutter_width=&#8220;2&#8243; custom_padding_last_edited=&#8220;on|phone&#8220; _builder_version=&#8220;4.16&#8243; custom_margin_phone=&#8220;10px||||false|false&#8220; custom_margin_last_edited=&#8220;off|desktop&#8220; custom_padding=&#8220;60px||||false|false&#8220; custom_padding_tablet=&#8220;50px||||false|false&#8220; custom_padding_phone=&#8220;20px||||false|false&#8220; locked=&#8220;off&#8220; global_colors_info=&#8220;{}&#8220; header_font_size_tablet=&#8220;1.1rem&#8220; header_font_size_phone=&#8220;1rem&#8220; header_font_size_last_edited=&#8220;on|desktop&#8220;][et_pb_column type=&#8220;4_4&#8243; _builder_version=&#8220;4.16&#8243; global_colors_info=&#8220;{}&#8220;][et_pb_text content_last_edited=&#8220;off|desktop&#8220; admin_label=&#8220;H1 Kontakte&#8220; _builder_version=&#8220;4.16.1&#8243; _module_preset=&#8220;default&#8220; max_width=&#8220;70%&#8220; locked=&#8220;off&#8220; global_colors_info=&#8220;{}&#8220;]<\/p>\n<h1>Kontakte<\/h1>\n<p>[\/et_pb_text][et_pb_divider admin_label=&#8220;Teiler H1&#8243; _builder_version=&#8220;4.14.8&#8243; _module_preset=&#8220;6a54d36b-27a1-42c0-a132-90c6ea8de6ee&#8220; global_module=&#8220;236981&#8243; global_colors_info=&#8220;{}&#8220;][\/et_pb_divider][\/et_pb_column][\/et_pb_row][et_pb_row use_custom_gutter=&#8220;on&#8220; gutter_width=&#8220;2&#8243; make_equal=&#8220;on&#8220; custom_padding_last_edited=&#8220;off|desktop&#8220; _builder_version=&#8220;4.16&#8243; background_enable_color=&#8220;off&#8220; custom_margin_last_edited=&#8220;off|desktop&#8220; custom_css_main_element=&#8220;margin: auto;&#8220; locked=&#8220;off&#8220; global_colors_info=&#8220;{}&#8220; header_font_size_tablet=&#8220;1.1rem&#8220; header_font_size_phone=&#8220;1rem&#8220; header_font_size_last_edited=&#8220;on|desktop&#8220;][et_pb_column type=&#8220;4_4&#8243; _builder_version=&#8220;4.16&#8243; background_color=&#8220;RGBA(255,255,255,0)&#8220; custom_padding=&#8220;0px||0px||true|false&#8220; custom_css_main_element=&#8220;margin: auto;&#8220; global_colors_info=&#8220;{}&#8220;][et_pb_text admin_label=&#8220;Kontakte Text&#8220; _builder_version=&#8220;4.16.1&#8243; text_orientation=&#8220;left&#8220; max_width=&#8220;66%&#8220; locked=&#8220;off&#8220; global_colors_info=&#8220;{}&#8220;]<\/p>\n<p>Sie m\u00f6chten mehr \u00fcber unsere Dienstleistungen erfahren? Sie ben\u00f6tigen technische Informationen oder ein Angebot? Oder vereinbaren Sie lieber einen pers\u00f6nlichen Termin?<\/p>\n<p>Teilen Sie uns Ihre W\u00fcnsche und Anliegen bitte telefonisch oder via E-Mail mit.<\/p>\n<p>Wir freuen uns auf Ihre Nachricht!<\/p>\n<p>Nachstehend finden Sie alle Kontaktinformationen.<\/p>\n<p>[\/et_pb_text][\/et_pb_column][\/et_pb_row][et_pb_row column_structure=&#8220;1_2,1_2&#8243; use_custom_gutter=&#8220;on&#8220; gutter_width=&#8220;2&#8243; make_equal=&#8220;on&#8220; custom_padding_last_edited=&#8220;off|desktop&#8220; _builder_version=&#8220;4.16&#8243; background_enable_color=&#8220;off&#8220; custom_margin_last_edited=&#8220;off|desktop&#8220; custom_css_main_element=&#8220;margin: auto;&#8220; locked=&#8220;off&#8220; global_colors_info=&#8220;{}&#8220; header_font_size_tablet=&#8220;1.1rem&#8220; header_font_size_phone=&#8220;1rem&#8220; header_font_size_last_edited=&#8220;on|desktop&#8220;][et_pb_column type=&#8220;1_2&#8243; _builder_version=&#8220;4.16&#8243; background_color=&#8220;RGBA(255,255,255,0)&#8220; custom_padding=&#8220;0px||0px||true|false&#8220; custom_css_main_element=&#8220;margin: auto;&#8220; global_colors_info=&#8220;{}&#8220;][et_pb_text admin_label=&#8220;Adresse&#8220; _builder_version=&#8220;4.16.1&#8243; header_2_font_size=&#8220;1.6rem&#8220; text_orientation=&#8220;left&#8220; max_width_tablet=&#8220;100%&#8220; custom_margin=&#8220;||18px||false|false&#8220; custom_margin_last_edited=&#8220;off|desktop&#8220; header_2_font_size_tablet=&#8220;1.5rem&#8220; header_2_font_size_phone=&#8220;1.3rem&#8220; header_2_font_size_last_edited=&#8220;on|tablet&#8220; locked=&#8220;off&#8220; global_colors_info=&#8220;{}&#8220;]<\/p>\n<h2>Geo3 \u2013 B\u00fcrogemeinschaft f\u00fcr angewandte Geologie<\/h2>\n<p>[\/et_pb_text][et_pb_text admin_label=&#8220;Adresse&#8220; _builder_version=&#8220;4.16.1&#8243; link_font=&#8220;OpenSans||||||||&#8220; link_text_color=&#8220;#993300&#8243; header_2_font_size=&#8220;1.6rem&#8220; max_width_tablet=&#8220;100%&#8220; custom_margin_tablet=&#8220;||36px||false|false&#8220; custom_margin_phone=&#8220;||36px||false|false&#8220; custom_margin_last_edited=&#8220;on|phone&#8220; header_2_font_size_tablet=&#8220;1.5rem&#8220; header_2_font_size_phone=&#8220;1.3rem&#8220; header_2_font_size_last_edited=&#8220;on|tablet&#8220; locked=&#8220;off&#8220; global_colors_info=&#8220;{}&#8220;]Julius-Durst-Stra\u00dfe 66<br \/>\n39042 Brixen (BZ)<br \/>\nItalien<\/p>\n<p><strong>Tel.<\/strong>: +39 0472 971 340\u202c<\/p>\n<p><strong>E-Mail<\/strong>: <span style=\"color: #993300;\"><a href=\"mailto:studio@geo-3.it?subject=Anfrage \u00fcber Website\" style=\"color: #993300;\">studio@geo-3.it<\/a><\/span><\/p>\n<p><strong>PEC-Adresse<\/strong>:<br \/>\n<strong>Empf\u00e4ngerkodex f\u00fcr elektronische Fakturierung (SdI)<\/strong>: 0000000<br \/>\n<strong>MwSt.-Nr. (UID)<\/strong>: IT02373380217[\/et_pb_text][\/et_pb_column][et_pb_column type=&#8220;1_2&#8243; _builder_version=&#8220;4.16&#8243; custom_css_main_element=&#8220;margin: auto;&#8220; global_colors_info=&#8220;{}&#8220;][et_pb_code admin_label=&#8220;Code Google Maps&#8220; _builder_version=&#8220;4.16.1&#8243; _module_preset=&#8220;default&#8220; global_colors_info=&#8220;{}&#8220;]<pee><iframe loading=\"lazy\" src=\"https:\/\/www.google.com\/maps\/embed?pb=!1m14!1m8!1m3!1d2736.684763124022!2d11.642911600000001!3d46.6922224!3m2!1i1024!2i768!4f13.1!3m3!1m2!1s0x47780f8eaf995cc1%3A0xfc73f0782e7e9f7!2sGeo3+-+Geologia+Applicata+Dr.+Geol.+G%C3%B6gl+-+Dr.+Geol.+Ronzani!5e0!3m2!1sde!2s!4v1392116553435\" width=\"600\" height=\"340\" frameborder=\"0\" style=\"border:0\"><\/iframe><\/pee>[\/et_pb_code][\/et_pb_column][\/et_pb_row][\/et_pb_section][et_pb_section fb_built=&#8220;1&#8243; admin_label=&#8220;Team&#8220; _builder_version=&#8220;4.16&#8243; _module_preset=&#8220;default&#8220; background_enable_color=&#8220;off&#8220; use_background_color_gradient=&#8220;on&#8220; background_color_gradient_stops=&#8220;#343d46 0%|#c0c5ce 100%&#8220; background_color_gradient_start=&#8220;#343d46&#8243; background_color_gradient_end=&#8220;#c0c5ce&#8220; global_module=&#8220;238206&#8243; saved_tabs=&#8220;all&#8220; locked=&#8220;off&#8220; global_colors_info=&#8220;{}&#8220;][et_pb_row column_structure=&#8220;1_5,1_5,1_5,1_5,1_5&#8243; use_custom_gutter=&#8220;on&#8220; gutter_width=&#8220;2&#8243; make_equal=&#8220;on&#8220; _builder_version=&#8220;4.16&#8243; _module_preset=&#8220;default&#8220; background_color=&#8220;RGBA(255,255,255,0)&#8220; max_width=&#8220;2560px&#8220; global_colors_info=&#8220;{}&#8220;][et_pb_column type=&#8220;1_5&#8243; _builder_version=&#8220;4.16&#8243; _module_preset=&#8220;default&#8220; background_color=&#8220;#FBFBFD&#8220; global_colors_info=&#8220;{}&#8220;][et_pb_image src=&#8220;https:\/\/geo-3.it\/wp-content\/uploads\/geo3-team-goegl-maria-luise-portraet-2018-600x700px-1.jpg&#8220; title_text=&#8220;Dr. Geol. Maria-Luise G\u00f6gl&#8220; show_bottom_space=&#8220;off&#8220; _builder_version=&#8220;4.16.0&#8243; _module_preset=&#8220;default&#8220; global_colors_info=&#8220;{}&#8220;][\/et_pb_image][et_pb_blurb title=&#8220;Dr. Geol. Maria-Luise G\u00f6gl&#8220; title_tablet=&#8220;Maria-Luise G\u00f6gl&#8220; title_phone=&#8220;Maria-Luise G\u00f6gl&#8220; title_last_edited=&#8220;off|desktop&#8220; admin_label=&#8220;H2 Dr. Geol. Maria-Luise G\u00f6gl&#8220; _builder_version=&#8220;4.16.0&#8243; _module_preset=&#8220;cac59c88-bc4f-4cde-a798-cf50daec3432&#8243; locked=&#8220;off&#8220; global_colors_info=&#8220;{}&#8220; title__hover_enabled=&#8220;off|hover&#8220; title__hover=&#8220;Maria-Luise G\u00f6gl &#8222;]<\/p>\n<p>Gr\u00fcnderin und Partnerin der Geo3<\/p>\n<p><span style=\"color: #993300;\"><a href=\"mailto:marialuise.goegl@geo-3.it?subject=Anfrage \u00fcber Website\" style=\"color: #993300;\">marialuise.goegl@geo-3.it<\/a><\/span><\/p>\n<p>[\/et_pb_blurb][et_pb_toggle title=&#8220;Schwerpunkte&#8220; admin_label=&#8220;H3 Schwerpunkte&#8220; _builder_version=&#8220;4.16.0&#8243; _module_preset=&#8220;e9f62530-0802-4ed6-a056-833a2c3f404f&#8220; global_colors_info=&#8220;{}&#8220;]<\/p>\n<ul>\n<li>Baugeologie;<\/li>\n<li>Hydrogeologie;<\/li>\n<li>Untersuchungen von Massenbewegungen (Sturzprozesse, Rutschungen) und Planung von Schutz-\/Konsolidierungsbauwerken;<\/li>\n<li>Gefahrenzonenpl\u00e4ne;<\/li>\n<li>Sicherheitskoordinator in Projektphase (KPP) und Ausf\u00fchrungsphase (KAP);<\/li>\n<li>Bef\u00e4higung seilunterst\u00fctze H\u00f6henarbeit.<\/li>\n<\/ul>\n<p>[\/et_pb_toggle][\/et_pb_column][et_pb_column type=&#8220;1_5&#8243; _builder_version=&#8220;4.16&#8243; _module_preset=&#8220;default&#8220; background_color=&#8220;#FBFBFD&#8220; global_colors_info=&#8220;{}&#8220;][et_pb_image src=&#8220;https:\/\/geo-3.it\/wp-content\/uploads\/geo3-team-ronzani-giovanni-portraet-2018-600x700px.jpg&#8220; title_text=&#8220;Dr. Geol. Giovanni Ronzani&#8220; show_bottom_space=&#8220;off&#8220; _builder_version=&#8220;4.16.0&#8243; _module_preset=&#8220;default&#8220; global_colors_info=&#8220;{}&#8220;][\/et_pb_image][et_pb_blurb title=&#8220;Dr. Geol. Giovanni Ronzani&#8220; title_tablet=&#8220;Maria-Luise G\u00f6gl&#8220; title_phone=&#8220;Maria-Luise G\u00f6gl&#8220; title_last_edited=&#8220;off|desktop&#8220; admin_label=&#8220;H2 Dr. Geol. Giovanni Ronzani&#8220; _builder_version=&#8220;4.16.0&#8243; _module_preset=&#8220;cac59c88-bc4f-4cde-a798-cf50daec3432&#8243; locked=&#8220;off&#8220; global_colors_info=&#8220;{}&#8220; header_text_color__hover=&#8220;#FFFFFF&#8220; header_text_color__hover_enabled=&#8220;off|hover&#8220; body_text_color__hover=&#8220;#FFFFFF&#8220; body_text_color__hover_enabled=&#8220;off|desktop&#8220; title__hover_enabled=&#8220;off|hover&#8220; title__hover=&#8220;Maria-Luise G\u00f6gl &#8222;]<\/p>\n<p><span style=\"color: #1d1d1f;\">Gr\u00fcnder und Partner der Geo3<\/span><\/p>\n<p><span style=\"color: #993300;\"><a href=\"mailto:giovanni.ronzani@geo-3.it?subject=Anfrage \u00fcber Website\" style=\"color: #993300;\">giovanni.ronzani@geo-3.it<\/a><\/span><\/p>\n<p>[\/et_pb_blurb][et_pb_toggle title=&#8220;Schwerpunkte&#8220; admin_label=&#8220;H3 Schwerpunkte&#8220; _builder_version=&#8220;4.16&#8243; _module_preset=&#8220;e9f62530-0802-4ed6-a056-833a2c3f404f&#8220; global_colors_info=&#8220;{}&#8220;]<\/p>\n<ul>\n<li>Baugeologie;<\/li>\n<li>Hydrogeologie;<\/li>\n<li>Drohnenerhebungen, Photogrammetrie, Ausarbeitung von digitalen 3D Modellen;<\/li>\n<li>ENAC zugelassener Drohnenpilot;<\/li>\n<li>Bewertung der seismischen Gef\u00e4hrdung des Standorts, seismische Mikrozonierung;<\/li>\n<li>Sicherheitskoordinator in Projektphase (KPP) und Ausf\u00fchrungsphase (KAP);<\/li>\n<li>Bef\u00e4higung seilunterst\u00fctze H\u00f6henarbeit.<\/li>\n<\/ul>\n<p>[\/et_pb_toggle][\/et_pb_column][et_pb_column type=&#8220;1_5&#8243; _builder_version=&#8220;4.16&#8243; _module_preset=&#8220;default&#8220; background_color=&#8220;#FBFBFD&#8220; global_colors_info=&#8220;{}&#8220;][et_pb_image src=&#8220;https:\/\/geo-3.it\/wp-content\/uploads\/geo3-team-irschara-marion-portraet-2018-600x700px.jpg&#8220; title_text=&#8220;Dr. Geol. Marion Irschara&#8220; show_bottom_space=&#8220;off&#8220; _builder_version=&#8220;4.16.0&#8243; _module_preset=&#8220;default&#8220; global_colors_info=&#8220;{}&#8220;][\/et_pb_image][et_pb_blurb title=&#8220;Dr. Geol. Marion Irschara&#8220; title_tablet=&#8220;Maria-Luise G\u00f6gl&#8220; title_phone=&#8220;Maria-Luise G\u00f6gl&#8220; title_last_edited=&#8220;off|desktop&#8220; admin_label=&#8220;H2 Dr. Geol. Marion Irschara&#8220; _builder_version=&#8220;4.16.0&#8243; _module_preset=&#8220;cac59c88-bc4f-4cde-a798-cf50daec3432&#8243; locked=&#8220;off&#8220; global_colors_info=&#8220;{}&#8220; header_text_color__hover=&#8220;#FFFFFF&#8220; header_text_color__hover_enabled=&#8220;off|hover&#8220; body_text_color__hover=&#8220;#FFFFFF&#8220; body_text_color__hover_enabled=&#8220;off|desktop&#8220; title__hover_enabled=&#8220;off|hover&#8220; title__hover=&#8220;Maria-Luise G\u00f6gl &#8222;]<\/p>\n<p><span style=\"color: #1d1d1f;\">Mitarbeiterin bei Geo3 seit 2006<\/span><\/p>\n<p><span style=\"color: #993300;\"><a href=\"mailto:marion.irschara@geo-3.it?subject=Anfrage \u00fcber Website\" style=\"color: #993300;\">marion.irschara@geo-3.it<\/a><\/span><\/p>\n<p>[\/et_pb_blurb][et_pb_toggle title=&#8220;Schwerpunkte&#8220; admin_label=&#8220;H3 Schwerpunkte&#8220; _builder_version=&#8220;4.16&#8243; _module_preset=&#8220;e9f62530-0802-4ed6-a056-833a2c3f404f&#8220; global_colors_info=&#8220;{}&#8220;]<\/p>\n<ul>\n<li>Baugeologie;<\/li>\n<li>Hydrogeologie;<\/li>\n<li>Naturgefahrenmanagement;<\/li>\n<li>Kartierungen.<\/li>\n<\/ul>\n<p>[\/et_pb_toggle][\/et_pb_column][et_pb_column type=&#8220;1_5&#8243; _builder_version=&#8220;4.16&#8243; _module_preset=&#8220;default&#8220; background_color=&#8220;#FBFBFD&#8220; global_colors_info=&#8220;{}&#8220;][et_pb_image src=&#8220;https:\/\/geo-3.it\/wp-content\/uploads\/geo3-team-ungerank-daniel-portraet-2018-600x700px.jpg&#8220; title_text=&#8220;Dr. Geol. Daniel Ungerank&#8220; show_bottom_space=&#8220;off&#8220; _builder_version=&#8220;4.16.0&#8243; _module_preset=&#8220;default&#8220; global_colors_info=&#8220;{}&#8220;][\/et_pb_image][et_pb_blurb title=&#8220;Dr. Geol. Daniel Ungerank&#8220; title_tablet=&#8220;Maria-Luise G\u00f6gl&#8220; title_phone=&#8220;Maria-Luise G\u00f6gl&#8220; title_last_edited=&#8220;off|desktop&#8220; admin_label=&#8220;H2 Dr. Geol. Daniel Ungerank&#8220; _builder_version=&#8220;4.16.0&#8243; _module_preset=&#8220;cac59c88-bc4f-4cde-a798-cf50daec3432&#8243; locked=&#8220;off&#8220; global_colors_info=&#8220;{}&#8220; title__hover_enabled=&#8220;off|hover&#8220; title__hover=&#8220;Maria-Luise G\u00f6gl &#8222;]<\/p>\n<p><span style=\"color: #1d1d1f;\">Mitarbeiter bei Geo3\/Geo Analysis seit 2011<\/span><\/p>\n<p><span style=\"color: #993300;\"><a href=\"mailto:daniel.ungerank@geo-3.it?subject=Anfrage \u00fcber Website\" style=\"color: #993300;\">daniel.ungerank@geo-3.it<\/a><\/span><\/p>\n<p>[\/et_pb_blurb][et_pb_toggle title=&#8220;Schwerpunkte&#8220; admin_label=&#8220;H3 Schwerpunkte&#8220; _builder_version=&#8220;4.16&#8243; _module_preset=&#8220;e9f62530-0802-4ed6-a056-833a2c3f404f&#8220; global_colors_info=&#8220;{}&#8220;]<\/p>\n<ul>\n<li>Baugeologie;<\/li>\n<li>Hydrogeologie;<\/li>\n<li>Naturgefahrenmanagement;<\/li>\n<li>Kartierungen.<\/li>\n<\/ul>\n<p>[\/et_pb_toggle][\/et_pb_column][et_pb_column type=&#8220;1_5&#8243; _builder_version=&#8220;4.16&#8243; _module_preset=&#8220;default&#8220; background_color=&#8220;#FBFBFD&#8220; global_colors_info=&#8220;{}&#8220;][et_pb_image src=&#8220;https:\/\/geo-3.it\/wp-content\/uploads\/geo3-team-eisath-gerhard-portraet-2018-600x700px.jpg&#8220; title_text=&#8220;Dr. Geol. Gerhard Eisath&#8220; show_bottom_space=&#8220;off&#8220; _builder_version=&#8220;4.16.0&#8243; _module_preset=&#8220;default&#8220; global_colors_info=&#8220;{}&#8220;][\/et_pb_image][et_pb_blurb title=&#8220;Dr. Geol. Gerhard Eisath&#8220; title_tablet=&#8220;Maria-Luise G\u00f6gl&#8220; title_phone=&#8220;Maria-Luise G\u00f6gl&#8220; title_last_edited=&#8220;off|desktop&#8220; admin_label=&#8220;H2 Dr. Geol. Gerhard Eisath&#8220; _builder_version=&#8220;4.16.0&#8243; _module_preset=&#8220;cac59c88-bc4f-4cde-a798-cf50daec3432&#8243; locked=&#8220;off&#8220; global_colors_info=&#8220;{}&#8220; header_text_color__hover=&#8220;#FFFFFF&#8220; header_text_color__hover_enabled=&#8220;off|hover&#8220; body_text_color__hover=&#8220;#FFFFFF&#8220; body_text_color__hover_enabled=&#8220;off|desktop&#8220; title__hover_enabled=&#8220;off|hover&#8220; title__hover=&#8220;Maria-Luise G\u00f6gl &#8222;]<\/p>\n<p><span style=\"color: #1d1d1f;\">Mitarbeiter bei Geo3\/Geo Analysis seit 2014<\/span><\/p>\n<p><span style=\"color: #993300;\"><a href=\"mailto:gerhard.eisath@geo-3.it?subject=Anfrage \u00fcber Website\" style=\"color: #993300;\">gerhard.eisath@geo-3.it<\/a><\/span><\/p>\n<p>[\/et_pb_blurb][et_pb_toggle title=&#8220;Schwerpunkte&#8220; admin_label=&#8220;H3 Schwerpunkte&#8220; _builder_version=&#8220;4.16&#8243; _module_preset=&#8220;e9f62530-0802-4ed6-a056-833a2c3f404f&#8220; global_colors_info=&#8220;{}&#8220;]<\/p>\n<ul>\n<li>Baugeologie;<\/li>\n<li>Hydrogeologie;<\/li>\n<li>Naturgefahrenmanagement;<\/li>\n<li>Kartierungen.<\/li>\n<\/ul>\n<p>[\/et_pb_toggle][\/et_pb_column][\/et_pb_row][\/et_pb_section]<\/p>\n","protected":false},"excerpt":{"rendered":"<p>KontakteSie m\u00f6chten mehr \u00fcber unsere Dienstleistungen erfahren? Sie ben\u00f6tigen technische Informationen oder ein Angebot? Oder vereinbaren Sie lieber einen pers\u00f6nlichen Termin? Teilen Sie uns Ihre W\u00fcnsche und Anliegen bitte telefonisch oder via E-Mail mit. Wir freuen uns auf Ihre Nachricht! Nachstehend finden Sie alle Kontaktinformationen.Geo3 \u2013 B\u00fcrogemeinschaft f\u00fcr angewandte GeologieJulius-Durst-Stra\u00dfe 66 39042 Brixen (BZ) Italien [&hellip;]<\/p>\n","protected":false},"author":1,"featured_media":0,"parent":0,"menu_order":0,"comment_status":"closed","ping_status":"closed","template":"","meta":{"_et_pb_use_builder":"on","_et_pb_old_content":"","_et_gb_content_width":""},"_links":{"self":[{"href":"https:\/\/www.geo-3.it\/de\/wp-json\/wp\/v2\/pages\/238214"}],"collection":[{"href":"https:\/\/www.geo-3.it\/de\/wp-json\/wp\/v2\/pages"}],"about":[{"href":"https:\/\/www.geo-3.it\/de\/wp-json\/wp\/v2\/types\/page"}],"author":[{"embeddable":true,"href":"https:\/\/www.geo-3.it\/de\/wp-json\/wp\/v2\/users\/1"}],"replies":[{"embeddable":true,"href":"https:\/\/www.geo-3.it\/de\/wp-json\/wp\/v2\/comments?post=238214"}],"version-history":[{"count":28,"href":"https:\/\/www.geo-3.it\/de\/wp-json\/wp\/v2\/pages\/238214\/revisions"}],"predecessor-version":[{"id":238504,"href":"https:\/\/www.geo-3.it\/de\/wp-json\/wp\/v2\/pages\/238214\/revisions\/238504"}],"wp:attachment":[{"href":"https:\/\/www.geo-3.it\/de\/wp-json\/wp\/v2\/media?parent=238214"}],"curies":[{"name":"wp","href":"https:\/\/api.w.org\/{rel}","templated":true}]}}