{"id":238371,"date":"2022-04-06T14:14:23","date_gmt":"2022-04-06T12:14:23","guid":{"rendered":"https:\/\/geo-3.it\/?page_id=238371"},"modified":"2022-04-11T20:23:05","modified_gmt":"2022-04-11T18:23:05","slug":"impressum","status":"publish","type":"page","link":"https:\/\/www.geo-3.it\/de\/impressum\/","title":{"rendered":"Impressum"},"content":{"rendered":"<p>[et_pb_section fb_built=&#8220;1&#8243; admin_label=&#8220;About&#8220; _builder_version=&#8220;4.16&#8243; _module_preset=&#8220;default&#8220; locked=&#8220;off&#8220; global_colors_info=&#8220;{}&#8220;][et_pb_row use_custom_gutter=&#8220;on&#8220; gutter_width=&#8220;2&#8243; custom_padding_last_edited=&#8220;on|phone&#8220; _builder_version=&#8220;4.16&#8243; custom_margin_phone=&#8220;10px||||false|false&#8220; custom_margin_last_edited=&#8220;off|desktop&#8220; custom_padding=&#8220;60px||||false|false&#8220; custom_padding_tablet=&#8220;50px||||false|false&#8220; custom_padding_phone=&#8220;20px||||false|false&#8220; locked=&#8220;off&#8220; global_colors_info=&#8220;{}&#8220; header_font_size_tablet=&#8220;1.1rem&#8220; header_font_size_phone=&#8220;1rem&#8220; header_font_size_last_edited=&#8220;on|desktop&#8220;][et_pb_column type=&#8220;4_4&#8243; _builder_version=&#8220;4.16&#8243; global_colors_info=&#8220;{}&#8220;][et_pb_text content_last_edited=&#8220;off|desktop&#8220; admin_label=&#8220;H1 Impressum&#8220; _builder_version=&#8220;4.16.1&#8243; _module_preset=&#8220;default&#8220; max_width=&#8220;70%&#8220; locked=&#8220;off&#8220; global_colors_info=&#8220;{}&#8220;]<\/p>\n<h1>Impressum<\/h1>\n<p>[\/et_pb_text][et_pb_divider admin_label=&#8220;Teiler H1&#8243; _builder_version=&#8220;4.14.8&#8243; _module_preset=&#8220;6a54d36b-27a1-42c0-a132-90c6ea8de6ee&#8220; global_module=&#8220;236981&#8243; global_colors_info=&#8220;{}&#8220;][\/et_pb_divider][\/et_pb_column][\/et_pb_row][et_pb_row column_structure=&#8220;1_2,1_2&#8243; use_custom_gutter=&#8220;on&#8220; gutter_width=&#8220;2&#8243; make_equal=&#8220;on&#8220; custom_padding_last_edited=&#8220;off|desktop&#8220; _builder_version=&#8220;4.16&#8243; background_enable_color=&#8220;off&#8220; custom_margin_last_edited=&#8220;off|desktop&#8220; custom_css_main_element=&#8220;margin: auto;&#8220; locked=&#8220;off&#8220; global_colors_info=&#8220;{}&#8220; header_font_size_tablet=&#8220;1.1rem&#8220; header_font_size_phone=&#8220;1rem&#8220; header_font_size_last_edited=&#8220;on|desktop&#8220;][et_pb_column type=&#8220;1_2&#8243; _builder_version=&#8220;4.16&#8243; background_color=&#8220;RGBA(255,255,255,0)&#8220; custom_padding=&#8220;0px||0px||true|false&#8220; custom_css_main_element=&#8220;margin: auto;&#8220; global_colors_info=&#8220;{}&#8220;][et_pb_text admin_label=&#8220;Text Impressum&#8220; _builder_version=&#8220;4.16.1&#8243; _module_preset=&#8220;4d469fd7-2513-4248-bb66-04ef25824429&#8243; locked=&#8220;off&#8220; global_colors_info=&#8220;{}&#8220;]<\/p>\n<h2>Eigent\u00fcmer und verantwortlich f\u00fcr alle Inhalte<\/h2>\n<p>&nbsp;<\/p>\n<h3>Firmenname<\/h3>\n<p><strong>Geo3 \u2013 B\u00fcrogemeinschaft f\u00fcr angewandte Geologie<\/strong><br \/>\n&nbsp;<\/p>\n<h3>Adresse Rechtssitz<\/h3>\n<p>Julius-Durst-Stra\u00dfe 66<br \/>\n39042 Brixen (BZ)<br \/>\nItalien<\/p>\n<p>Tel.: +39 0472 971340<\/p>\n<p>Fax: +39 0472 971341<\/p>\n<p>E-Mail: <span style=\"color: #993300;\"><a href=\"mailto:studio@geo-3.it?subject=Anfrage \u00fcber Website\" style=\"color: #993300;\">studio@geo-3.it<\/a><\/span><\/p>\n<p>PEC-Adresse:<\/p>\n<p>Empf\u00e4ngerkodex f\u00fcr elektronische Fakturierung (SdI): 0000000<\/p>\n<p>Steuernummer: IT02373380217<\/p>\n<p>MwSt.-Nr. (UID): IT02373380217<br \/>\n&nbsp;<\/p>\n<h3>Vertreter des Unternehmens<\/h3>\n<p>Dr. Geol. Maria-Luise G\u00f6gl<br \/>\n&nbsp;<\/p>\n<h3>Eintragung Geologenkammer Trentino \u2013 S\u00fcdtirol<\/h3>\n<p>[\/et_pb_text][\/et_pb_column][et_pb_column type=&#8220;1_2&#8243; _builder_version=&#8220;4.16&#8243; custom_css_main_element=&#8220;margin: auto;&#8220; global_colors_info=&#8220;{}&#8220;][\/et_pb_column][\/et_pb_row][\/et_pb_section]<\/p>\n","protected":false},"excerpt":{"rendered":"<p>ImpressumEigent\u00fcmer und verantwortlich f\u00fcr alle Inhalte &nbsp; Firmenname Geo3 \u2013 B\u00fcrogemeinschaft f\u00fcr angewandte Geologie &nbsp; Adresse Rechtssitz Julius-Durst-Stra\u00dfe 66 39042 Brixen (BZ) Italien Tel.: +39 0472 971340 Fax: +39 0472 971341 E-Mail: studio@geo-3.it PEC-Adresse: Empf\u00e4ngerkodex f\u00fcr elektronische Fakturierung (SdI): 0000000 Steuernummer: IT02373380217 MwSt.-Nr. (UID): IT02373380217 &nbsp; Vertreter des Unternehmens Dr. Geol. Maria-Luise G\u00f6gl &nbsp; Eintragung [&hellip;]<\/p>\n","protected":false},"author":1,"featured_media":0,"parent":0,"menu_order":0,"comment_status":"closed","ping_status":"closed","template":"","meta":{"_et_pb_use_builder":"on","_et_pb_old_content":"","_et_gb_content_width":""},"_links":{"self":[{"href":"https:\/\/www.geo-3.it\/de\/wp-json\/wp\/v2\/pages\/238371"}],"collection":[{"href":"https:\/\/www.geo-3.it\/de\/wp-json\/wp\/v2\/pages"}],"about":[{"href":"https:\/\/www.geo-3.it\/de\/wp-json\/wp\/v2\/types\/page"}],"author":[{"embeddable":true,"href":"https:\/\/www.geo-3.it\/de\/wp-json\/wp\/v2\/users\/1"}],"replies":[{"embeddable":true,"href":"https:\/\/www.geo-3.it\/de\/wp-json\/wp\/v2\/comments?post=238371"}],"version-history":[{"count":19,"href":"https:\/\/www.geo-3.it\/de\/wp-json\/wp\/v2\/pages\/238371\/revisions"}],"predecessor-version":[{"id":238474,"href":"https:\/\/www.geo-3.it\/de\/wp-json\/wp\/v2\/pages\/238371\/revisions\/238474"}],"wp:attachment":[{"href":"https:\/\/www.geo-3.it\/de\/wp-json\/wp\/v2\/media?parent=238371"}],"curies":[{"name":"wp","href":"https:\/\/api.w.org\/{rel}","templated":true}]}}