{"id":238223,"date":"2022-04-01T18:20:20","date_gmt":"2022-04-01T16:20:20","guid":{"rendered":"https:\/\/geo-3.it\/?page_id=238223"},"modified":"2022-04-06T11:59:57","modified_gmt":"2022-04-06T09:59:57","slug":"contatti","status":"publish","type":"page","link":"https:\/\/www.geo-3.it\/it\/contatti\/","title":{"rendered":"Contatti"},"content":{"rendered":"<p>[et_pb_section fb_built=&#8221;1&#8243; admin_label=&#8221;About&#8221; _builder_version=&#8221;4.16&#8243; _module_preset=&#8221;default&#8221; locked=&#8221;off&#8221; global_colors_info=&#8221;{}&#8221;][et_pb_row use_custom_gutter=&#8221;on&#8221; gutter_width=&#8221;2&#8243; custom_padding_last_edited=&#8221;on|phone&#8221; _builder_version=&#8221;4.16&#8243; custom_margin_phone=&#8221;10px||||false|false&#8221; custom_margin_last_edited=&#8221;off|desktop&#8221; custom_padding=&#8221;60px||||false|false&#8221; custom_padding_tablet=&#8221;50px||||false|false&#8221; custom_padding_phone=&#8221;20px||||false|false&#8221; locked=&#8221;off&#8221; global_colors_info=&#8221;{}&#8221; header_font_size_tablet=&#8221;1.1rem&#8221; header_font_size_phone=&#8221;1rem&#8221; header_font_size_last_edited=&#8221;on|desktop&#8221;][et_pb_column type=&#8221;4_4&#8243; _builder_version=&#8221;4.16&#8243; global_colors_info=&#8221;{}&#8221;][et_pb_text content_last_edited=&#8221;off|desktop&#8221; admin_label=&#8221;H1 Contatti&#8221; _builder_version=&#8221;4.16.1&#8243; _module_preset=&#8221;default&#8221; max_width=&#8221;70%&#8221; locked=&#8221;off&#8221; global_colors_info=&#8221;{}&#8221;]<\/p>\n<h1>Contatti<\/h1>\n<p>[\/et_pb_text][et_pb_divider admin_label=&#8221;Teiler H1&#8243; _builder_version=&#8221;4.16&#8243; _module_preset=&#8221;6a54d36b-27a1-42c0-a132-90c6ea8de6ee&#8221; global_colors_info=&#8221;{}&#8221;][\/et_pb_divider][\/et_pb_column][\/et_pb_row][et_pb_row use_custom_gutter=&#8221;on&#8221; gutter_width=&#8221;2&#8243; make_equal=&#8221;on&#8221; custom_padding_last_edited=&#8221;off|desktop&#8221; _builder_version=&#8221;4.16&#8243; background_enable_color=&#8221;off&#8221; custom_margin_last_edited=&#8221;off|desktop&#8221; custom_css_main_element=&#8221;margin: auto;&#8221; locked=&#8221;off&#8221; global_colors_info=&#8221;{}&#8221; header_font_size_tablet=&#8221;1.1rem&#8221; header_font_size_phone=&#8221;1rem&#8221; header_font_size_last_edited=&#8221;on|desktop&#8221;][et_pb_column type=&#8221;4_4&#8243; _builder_version=&#8221;4.16&#8243; background_color=&#8221;RGBA(255,255,255,0)&#8221; custom_padding=&#8221;0px||0px||true|false&#8221; custom_css_main_element=&#8221;margin: auto;&#8221; global_colors_info=&#8221;{}&#8221;][et_pb_text admin_label=&#8221;Contatti testo&#8221; _builder_version=&#8221;4.16.1&#8243; text_orientation=&#8221;left&#8221; max_width=&#8221;66%&#8221; locked=&#8221;off&#8221; global_colors_info=&#8221;{}&#8221;]<\/p>\n<p>Vuoi conoscere meglio le nostre nostre prestazioni? Vuoi richiedere informazioni tecniche oppure un preventivo? Oppure preferisci concordare un appuntamento per una consulenza personale?<\/p>\n<p>Allora contattaci per telefono o via e-mail.<\/p>\n<p>Aspettiamo con gioia la tua richiesta!<\/p>\n<p>Qui sotto troverai tutte le informazioni di contatto.<\/p>\n<p>[\/et_pb_text][\/et_pb_column][\/et_pb_row][et_pb_row column_structure=&#8221;1_2,1_2&#8243; use_custom_gutter=&#8221;on&#8221; gutter_width=&#8221;2&#8243; make_equal=&#8221;on&#8221; custom_padding_last_edited=&#8221;off|desktop&#8221; _builder_version=&#8221;4.16&#8243; background_enable_color=&#8221;off&#8221; custom_margin_last_edited=&#8221;off|desktop&#8221; custom_css_main_element=&#8221;margin: auto;&#8221; locked=&#8221;off&#8221; global_colors_info=&#8221;{}&#8221; header_font_size_tablet=&#8221;1.1rem&#8221; header_font_size_phone=&#8221;1rem&#8221; header_font_size_last_edited=&#8221;on|desktop&#8221;][et_pb_column type=&#8221;1_2&#8243; _builder_version=&#8221;4.16&#8243; background_color=&#8221;RGBA(255,255,255,0)&#8221; custom_padding=&#8221;0px||0px||true|false&#8221; custom_css_main_element=&#8221;margin: auto;&#8221; global_colors_info=&#8221;{}&#8221;][et_pb_text admin_label=&#8221;Adresse&#8221; _builder_version=&#8221;4.16.1&#8243; header_2_font_size=&#8221;1.6rem&#8221; text_orientation=&#8221;left&#8221; max_width_tablet=&#8221;100%&#8221; custom_margin=&#8221;||18px||false|false&#8221; custom_margin_last_edited=&#8221;off|desktop&#8221; hover_enabled=&#8221;0&#8243; header_2_font_size_tablet=&#8221;1.5rem&#8221; header_2_font_size_phone=&#8221;1.3rem&#8221; header_2_font_size_last_edited=&#8221;on|tablet&#8221; locked=&#8221;off&#8221; global_colors_info=&#8221;{}&#8221; sticky_enabled=&#8221;0&#8243;]<\/p>\n<h2>Geo3 \u2013 Studio associato di geologia applicata<\/h2>\n<p>[\/et_pb_text][et_pb_text admin_label=&#8221;Adresse&#8221; _builder_version=&#8221;4.16.1&#8243; link_font=&#8221;OpenSans||||||||&#8221; link_text_color=&#8221;#993300&#8243; header_2_font_size=&#8221;1.6rem&#8221; max_width_tablet=&#8221;100%&#8221; custom_margin_tablet=&#8221;||36px||false|false&#8221; custom_margin_phone=&#8221;||36px||false|false&#8221; custom_margin_last_edited=&#8221;on|phone&#8221; hover_enabled=&#8221;0&#8243; header_2_font_size_tablet=&#8221;1.5rem&#8221; header_2_font_size_phone=&#8221;1.3rem&#8221; header_2_font_size_last_edited=&#8221;on|tablet&#8221; locked=&#8221;off&#8221; global_colors_info=&#8221;{}&#8221; sticky_enabled=&#8221;0&#8243;]Via Julius Durst 66<br \/>\n39042 Bressanone (BZ)<br \/>\nItalia<\/p>\n<p><strong>Tel.<\/strong>: +39 0472 971 340\u202c<\/p>\n<p><strong>E-Mail<\/strong>: <span style=\"color: #993300;\"><a href=\"mailto:studio@geo-3.it?subject=Richiesta tramite Sito Web\" style=\"color: #993300;\">studio@geo-3.it<\/a><\/span><\/p>\n<p><strong>Indirizzo PEC<\/strong>:<br \/>\n<strong>Codice destinatario per fattura elettronica (SdI)<\/strong>: 0000000<br \/>\n<strong>P.IVA<\/strong>: IT02373380217[\/et_pb_text][\/et_pb_column][et_pb_column type=&#8221;1_2&#8243; _builder_version=&#8221;4.16&#8243; custom_css_main_element=&#8221;margin: auto;&#8221; global_colors_info=&#8221;{}&#8221;][et_pb_code admin_label=&#8221;Code Google Maps&#8221; _builder_version=&#8221;4.16.1&#8243; _module_preset=&#8221;default&#8221; global_colors_info=&#8221;{}&#8221;]<pee><iframe loading=\"lazy\" src=\"https:\/\/www.google.com\/maps\/embed?pb=!1m14!1m8!1m3!1d2736.684763124022!2d11.642911600000001!3d46.6922224!3m2!1i1024!2i768!4f13.1!3m3!1m2!1s0x47780f8eaf995cc1%3A0xfc73f0782e7e9f7!2sGeo3+-+Geologia+Applicata+Dr.+Geol.+G%C3%B6gl+-+Dr.+Geol.+Ronzani!5e0!3m2!1sde!2s!4v1392116553435\" width=\"600\" height=\"340\" frameborder=\"0\" style=\"border:0\"><\/iframe><\/pee>[\/et_pb_code][\/et_pb_column][\/et_pb_row][\/et_pb_section][et_pb_section fb_built=&#8221;1&#8243; admin_label=&#8221;Team&#8221; _builder_version=&#8221;4.16&#8243; _module_preset=&#8221;default&#8221; background_enable_color=&#8221;off&#8221; use_background_color_gradient=&#8221;on&#8221; background_color_gradient_stops=&#8221;#343d46 0%|#c0c5ce 100%&#8221; background_color_gradient_start=&#8221;#343d46&#8243; background_color_gradient_end=&#8221;#c0c5ce&#8221; global_module=&#8221;238210&#8243; saved_tabs=&#8221;all&#8221; locked=&#8221;off&#8221; global_colors_info=&#8221;{}&#8221;][et_pb_row column_structure=&#8221;1_5,1_5,1_5,1_5,1_5&#8243; use_custom_gutter=&#8221;on&#8221; gutter_width=&#8221;2&#8243; make_equal=&#8221;on&#8221; _builder_version=&#8221;4.16&#8243; _module_preset=&#8221;default&#8221; background_color=&#8221;RGBA(255,255,255,0)&#8221; max_width=&#8221;2560px&#8221; locked=&#8221;off&#8221; global_colors_info=&#8221;{}&#8221;][et_pb_column type=&#8221;1_5&#8243; _builder_version=&#8221;4.16&#8243; _module_preset=&#8221;default&#8221; background_color=&#8221;#FBFBFD&#8221; global_colors_info=&#8221;{}&#8221;][et_pb_image src=&#8221;https:\/\/geo-3.it\/wp-content\/uploads\/geo3-team-goegl-maria-luise-portraet-2018-600x700px-1.jpg&#8221; title_text=&#8221;Dott. Geol. Maria-Luise G\u00f6gl&#8221; show_bottom_space=&#8221;off&#8221; _builder_version=&#8221;4.16.0&#8243; _module_preset=&#8221;default&#8221; global_colors_info=&#8221;{}&#8221;][\/et_pb_image][et_pb_blurb title=&#8221;Dott. Geol. Maria-Luise G\u00f6gl&#8221; title_tablet=&#8221;Maria-Luise G\u00f6gl&#8221; title_phone=&#8221;Maria-Luise G\u00f6gl&#8221; title_last_edited=&#8221;off|desktop&#8221; admin_label=&#8221;H2 Dott. Geol. Maria-Luise G\u00f6gl&#8221; _builder_version=&#8221;4.16.0&#8243; _module_preset=&#8221;cac59c88-bc4f-4cde-a798-cf50daec3432&#8243; locked=&#8221;off&#8221; global_colors_info=&#8221;{}&#8221; title__hover_enabled=&#8221;off|hover&#8221; title__hover=&#8221;Maria-Luise G\u00f6gl &#8220;]<\/p>\n<p>Associata e fondatrice dello Studio Geo3<\/p>\n<p><span style=\"color: #993300;\"><a href=\"mailto:marialuise.goegl@geo-3.it?subject=Richiesta tramite Sito Web\" style=\"color: #993300;\">marialuise.goegl@geo-3.it<\/a><\/span><\/p>\n<p>[\/et_pb_blurb][et_pb_toggle title=&#8221;Ambiti di competenza&#8221; admin_label=&#8221;H3 Ambiti di competenza&#8221; _builder_version=&#8221;4.16&#8243; _module_preset=&#8221;e9f62530-0802-4ed6-a056-833a2c3f404f&#8221; global_colors_info=&#8221;{}&#8221;]<\/p>\n<ul>\n<li>Geotecnica;<\/li>\n<li>Idrogeologia;<\/li>\n<li>Studio di aree soggette a dissesto idrogeologico (crolli, scivolamenti) e progettazione di opere di difesa\/consolidamento;<\/li>\n<li>Piani di zone di pericolo;<\/li>\n<li>Coordinatore per la Sicurezza in fase di Progettazione (CSP) e in esecuzione (CSE);<\/li>\n<li>Abilitazione lavori in fune.<\/li>\n<\/ul>\n<p>[\/et_pb_toggle][\/et_pb_column][et_pb_column type=&#8221;1_5&#8243; _builder_version=&#8221;4.16&#8243; _module_preset=&#8221;default&#8221; background_color=&#8221;#FBFBFD&#8221; global_colors_info=&#8221;{}&#8221;][et_pb_image src=&#8221;https:\/\/geo-3.it\/wp-content\/uploads\/geo3-team-ronzani-giovanni-portraet-2018-600x700px.jpg&#8221; title_text=&#8221;Dott. Geol. Giovanni Ronzani&#8221; show_bottom_space=&#8221;off&#8221; _builder_version=&#8221;4.16.0&#8243; _module_preset=&#8221;default&#8221; global_colors_info=&#8221;{}&#8221;][\/et_pb_image][et_pb_blurb title=&#8221;Dott. Geol. Giovanni Ronzani&#8221; title_tablet=&#8221;Maria-Luise G\u00f6gl&#8221; title_phone=&#8221;Maria-Luise G\u00f6gl&#8221; title_last_edited=&#8221;off|desktop&#8221; admin_label=&#8221;H2 Dott. Geol. Giovanni Ronzani&#8221; _builder_version=&#8221;4.16.0&#8243; _module_preset=&#8221;cac59c88-bc4f-4cde-a798-cf50daec3432&#8243; locked=&#8221;off&#8221; global_colors_info=&#8221;{}&#8221; header_text_color__hover=&#8221;#FFFFFF&#8221; header_text_color__hover_enabled=&#8221;off|hover&#8221; body_text_color__hover=&#8221;#FFFFFF&#8221; body_text_color__hover_enabled=&#8221;off|desktop&#8221; title__hover_enabled=&#8221;off|hover&#8221; title__hover=&#8221;Maria-Luise G\u00f6gl &#8220;]<\/p>\n<p><span style=\"color: #1d1d1f;\">Associato e fondatore dello Studio Geo3<\/span><\/p>\n<p><span style=\"color: #993300;\"><a href=\"mailto:giovanni.ronzani@geo-3.it?subject=Richiesta tramite Sito Web\" style=\"color: #993300;\">giovanni.ronzani@geo-3.it<\/a><\/span><\/p>\n<p>[\/et_pb_blurb][et_pb_toggle title=&#8221;Ambiti di competenza&#8221; admin_label=&#8221;H3 Ambiti di competenza&#8221; _builder_version=&#8221;4.16&#8243; _module_preset=&#8221;e9f62530-0802-4ed6-a056-833a2c3f404f&#8221; global_colors_info=&#8221;{}&#8221;]<\/p>\n<ul>\n<li>Geotecnica;<\/li>\n<li>Idrogeologia;<\/li>\n<li>Rilevi con drone, fotogrammetria, elaborazioni 3D di modelli digitali;<\/li>\n<li>Operatore drone autorizzato ENAC;<\/li>\n<li>Valutazione della pericolosit\u00e0 sismica di sito, microzonazione sismica;<\/li>\n<li>Coordinatore per la Sicurezza in fase di Progettazione (CSP) e in esecuzione (CSE);<\/li>\n<li>Abilitazione lavori in fune.<\/li>\n<\/ul>\n<p>[\/et_pb_toggle][\/et_pb_column][et_pb_column type=&#8221;1_5&#8243; _builder_version=&#8221;4.16&#8243; _module_preset=&#8221;default&#8221; background_color=&#8221;#FBFBFD&#8221; global_colors_info=&#8221;{}&#8221;][et_pb_image src=&#8221;https:\/\/geo-3.it\/wp-content\/uploads\/geo3-team-irschara-marion-portraet-2018-600x700px.jpg&#8221; title_text=&#8221;Dott. Geol. Marion Irschara&#8221; show_bottom_space=&#8221;off&#8221; _builder_version=&#8221;4.16.0&#8243; _module_preset=&#8221;default&#8221; global_colors_info=&#8221;{}&#8221;][\/et_pb_image][et_pb_blurb title=&#8221;Dott. Geol. Marion Irschara&#8221; title_tablet=&#8221;Maria-Luise G\u00f6gl&#8221; title_phone=&#8221;Maria-Luise G\u00f6gl&#8221; title_last_edited=&#8221;off|desktop&#8221; admin_label=&#8221;H2 Dott. Geol. Marion Irschara&#8221; _builder_version=&#8221;4.16.0&#8243; _module_preset=&#8221;cac59c88-bc4f-4cde-a798-cf50daec3432&#8243; locked=&#8221;off&#8221; global_colors_info=&#8221;{}&#8221; header_text_color__hover=&#8221;#FFFFFF&#8221; header_text_color__hover_enabled=&#8221;off|hover&#8221; body_text_color__hover=&#8221;#FFFFFF&#8221; body_text_color__hover_enabled=&#8221;off|desktop&#8221; title__hover_enabled=&#8221;off|hover&#8221; title__hover=&#8221;Maria-Luise G\u00f6gl &#8220;]<\/p>\n<p><span style=\"color: #1d1d1f;\">Collaboratrice presso Geo3 dal 2006<\/span><\/p>\n<p><span style=\"color: #993300;\"><a href=\"mailto:marion.irschara@geo-3.it?subject=Richiesta tramite Sito Web\" style=\"color: #993300;\">marion.irschara@geo-3.it<\/a><\/span><\/p>\n<p>[\/et_pb_blurb][et_pb_toggle title=&#8221;Ambiti di competenza&#8221; admin_label=&#8221;H3 Ambiti di competenza&#8221; _builder_version=&#8221;4.16&#8243; _module_preset=&#8221;e9f62530-0802-4ed6-a056-833a2c3f404f&#8221; global_colors_info=&#8221;{}&#8221;]<\/p>\n<ul>\n<li>Geotecnica;<\/li>\n<li>Idrogeologia;<\/li>\n<li>Gestione pericoli naturali;<\/li>\n<li>Cartografia.<\/li>\n<\/ul>\n<p>[\/et_pb_toggle][\/et_pb_column][et_pb_column type=&#8221;1_5&#8243; _builder_version=&#8221;4.16&#8243; _module_preset=&#8221;default&#8221; background_color=&#8221;#FBFBFD&#8221; global_colors_info=&#8221;{}&#8221;][et_pb_image src=&#8221;https:\/\/geo-3.it\/wp-content\/uploads\/geo3-team-ungerank-daniel-portraet-2018-600x700px.jpg&#8221; title_text=&#8221;Dott. Geol. Daniel Ungerank&#8221; show_bottom_space=&#8221;off&#8221; _builder_version=&#8221;4.16.0&#8243; _module_preset=&#8221;default&#8221; global_colors_info=&#8221;{}&#8221;][\/et_pb_image][et_pb_blurb title=&#8221;Dott. Geol. Daniel Ungerank&#8221; title_tablet=&#8221;Maria-Luise G\u00f6gl&#8221; title_phone=&#8221;Maria-Luise G\u00f6gl&#8221; title_last_edited=&#8221;off|desktop&#8221; admin_label=&#8221;H2 Dott. Geol. Daniel Ungerank&#8221; _builder_version=&#8221;4.16.0&#8243; _module_preset=&#8221;cac59c88-bc4f-4cde-a798-cf50daec3432&#8243; locked=&#8221;off&#8221; global_colors_info=&#8221;{}&#8221; title__hover_enabled=&#8221;off|hover&#8221; title__hover=&#8221;Maria-Luise G\u00f6gl &#8220;]<\/p>\n<p><span style=\"color: #1d1d1f;\">Collaboratore presso Geo3\/Geo Analysis dal 2011<\/span><\/p>\n<p><span style=\"color: #993300;\"><a href=\"mailto:daniel.ungerank@geo-3.it?subject=Richiesta tramite Sito Web\" style=\"color: #993300;\">daniel.ungerank@geo-3.it<\/a><\/span><\/p>\n<p>[\/et_pb_blurb][et_pb_toggle title=&#8221;Ambiti di competenza&#8221; admin_label=&#8221;H3 Ambiti di competenza&#8221; _builder_version=&#8221;4.16&#8243; _module_preset=&#8221;e9f62530-0802-4ed6-a056-833a2c3f404f&#8221; global_colors_info=&#8221;{}&#8221;]<\/p>\n<ul>\n<li>Geotecnica;<\/li>\n<li>Idrogeologia;<\/li>\n<li>Gestione pericoli naturali;<\/li>\n<li>Cartografia.<\/li>\n<\/ul>\n<p>[\/et_pb_toggle][\/et_pb_column][et_pb_column type=&#8221;1_5&#8243; _builder_version=&#8221;4.16&#8243; _module_preset=&#8221;default&#8221; background_color=&#8221;#FBFBFD&#8221; global_colors_info=&#8221;{}&#8221;][et_pb_image src=&#8221;https:\/\/geo-3.it\/wp-content\/uploads\/geo3-team-eisath-gerhard-portraet-2018-600x700px.jpg&#8221; title_text=&#8221;Dott. Geol. Gerhard Eisath&#8221; show_bottom_space=&#8221;off&#8221; _builder_version=&#8221;4.16.0&#8243; _module_preset=&#8221;default&#8221; global_colors_info=&#8221;{}&#8221;][\/et_pb_image][et_pb_blurb title=&#8221;Dott. Geol. Gerhard Eisath&#8221; title_tablet=&#8221;Maria-Luise G\u00f6gl&#8221; title_phone=&#8221;Maria-Luise G\u00f6gl&#8221; title_last_edited=&#8221;off|desktop&#8221; admin_label=&#8221;H2 Dott. Geol. Gerhard Eisath&#8221; _builder_version=&#8221;4.16.0&#8243; _module_preset=&#8221;cac59c88-bc4f-4cde-a798-cf50daec3432&#8243; locked=&#8221;off&#8221; global_colors_info=&#8221;{}&#8221; header_text_color__hover=&#8221;#FFFFFF&#8221; header_text_color__hover_enabled=&#8221;off|hover&#8221; body_text_color__hover=&#8221;#FFFFFF&#8221; body_text_color__hover_enabled=&#8221;off|desktop&#8221; title__hover_enabled=&#8221;off|hover&#8221; title__hover=&#8221;Maria-Luise G\u00f6gl &#8220;]<\/p>\n<p><span style=\"color: #1d1d1f;\">Collaboratore presso Geo3\/Geo Analysis dal 2014<\/span><\/p>\n<p><span style=\"color: #993300;\"><a href=\"mailto:gerhard.eisath@geo-3.it?subject=Richiesta tramite Sito Web\" style=\"color: #993300;\">gerhard.eisath@geo-3.it<\/a><\/span><\/p>\n<p>[\/et_pb_blurb][et_pb_toggle title=&#8221;Ambiti di competenza&#8221; admin_label=&#8221;H3 Ambiti di competenza&#8221; _builder_version=&#8221;4.16.0&#8243; _module_preset=&#8221;e9f62530-0802-4ed6-a056-833a2c3f404f&#8221; global_colors_info=&#8221;{}&#8221;]<\/p>\n<ul>\n<li>Geotecnica;<\/li>\n<li>Idrogeologia;<\/li>\n<li>Gestione pericoli naturali;<\/li>\n<li>Cartografia.<\/li>\n<\/ul>\n<p>[\/et_pb_toggle][\/et_pb_column][\/et_pb_row][\/et_pb_section]<\/p>\n","protected":false},"excerpt":{"rendered":"<p>ContattiVuoi conoscere meglio le nostre nostre prestazioni? Vuoi richiedere informazioni tecniche oppure un preventivo? Oppure preferisci concordare un appuntamento per una consulenza personale? Allora contattaci per telefono o via e-mail. Aspettiamo con gioia la tua richiesta! Qui sotto troverai tutte le informazioni di contatto.Geo3 \u2013 Studio associato di geologia applicataVia Julius Durst 66 39042 Bressanone [&hellip;]<\/p>\n","protected":false},"author":1,"featured_media":0,"parent":0,"menu_order":0,"comment_status":"closed","ping_status":"closed","template":"","meta":{"_et_pb_use_builder":"on","_et_pb_old_content":"","_et_gb_content_width":""},"_links":{"self":[{"href":"https:\/\/www.geo-3.it\/it\/wp-json\/wp\/v2\/pages\/238223"}],"collection":[{"href":"https:\/\/www.geo-3.it\/it\/wp-json\/wp\/v2\/pages"}],"about":[{"href":"https:\/\/www.geo-3.it\/it\/wp-json\/wp\/v2\/types\/page"}],"author":[{"embeddable":true,"href":"https:\/\/www.geo-3.it\/it\/wp-json\/wp\/v2\/users\/1"}],"replies":[{"embeddable":true,"href":"https:\/\/www.geo-3.it\/it\/wp-json\/wp\/v2\/comments?post=238223"}],"version-history":[{"count":11,"href":"https:\/\/www.geo-3.it\/it\/wp-json\/wp\/v2\/pages\/238223\/revisions"}],"predecessor-version":[{"id":238366,"href":"https:\/\/www.geo-3.it\/it\/wp-json\/wp\/v2\/pages\/238223\/revisions\/238366"}],"wp:attachment":[{"href":"https:\/\/www.geo-3.it\/it\/wp-json\/wp\/v2\/media?parent=238223"}],"curies":[{"name":"wp","href":"https:\/\/api.w.org\/{rel}","templated":true}]}}